{"id":1272,"date":"2019-02-06T07:40:14","date_gmt":"2019-02-06T07:40:14","guid":{"rendered":"http:\/\/samouzdraveni.cz\/?page_id=1272"},"modified":"2019-02-06T07:40:14","modified_gmt":"2019-02-06T07:40:14","slug":"domaci-pobyt-ve-tme","status":"publish","type":"page","link":"https:\/\/samouzdraveni.cz\/?page_id=1272","title":{"rendered":"Dom\u00e1c\u00ed pobyt ve tm\u011b"},"content":{"rendered":"<p><strong>Dom\u00e1c\u00ed pobyt ve tm\u011b<\/strong><\/p>\n<p>&nbsp;<\/p>\n<p>Uva\u017eovali jste n\u011bkdy o pobytu ve tm\u011b, ale odradilo V\u00e1s nap\u0159.<\/p>\n<ul>\n<li>\u017ee\u00a0 mus\u00edte jet n\u011bkam daleko, do ciz\u00edho prost\u0159ed\u00ed,<\/li>\n<li>nev\u00edte, zda to dok\u00e1\u017eete, a p\u0159ece V\u00e1s to l\u00e1k\u00e1,<\/li>\n<li>nechcete b\u00fdt \u00fapln\u011b odlou\u010deni od rodiny,<\/li>\n<li>nebo jste o n\u011bm nikdy nesly\u0161eli a te\u010f V\u00e1s to zaujalo \u2026.<\/li>\n<\/ul>\n<p><em>Mo\u017en\u00e1 je pro V\u00e1s dom\u00e1c\u00ed pobyt ve tm\u011b to spr\u00e1vn\u00e9 \u0159e\u0161en\u00ed.<\/em><\/p>\n<p>M\u00e1m za sebou 5ti denn\u00ed pobyt ve tm\u011b u n\u00e1s doma. Byl to zaj\u00edmav\u00fd a velice plodn\u00fd z\u00e1\u017eitek (budete m\u00edt mnoho nov\u00fdch n\u00e1pad\u016f).<\/p>\n<ul>\n<li>V\u00edte, \u017ee u\u017e po p\u00e1r hodin\u00e1ch ve tm\u011b jste schopni c\u00edtit sv\u011btlo k\u016f\u017e\u00ed, dokonce dok\u00e1\u017eete ur\u010dit jeho intenzitu a sm\u011br?<\/li>\n<li>V\u00edte, \u017ee tma v\u00a0lese v\u00a0noci nen\u00ed tak tmav\u00e1, jako za pobytu ve skute\u010dn\u00e9 tm\u011b?<\/li>\n<li>V\u00edte, \u017ee u\u017e po p\u00e1r hodin\u00e1ch se V\u00e1m zintenzivn\u00ed sluch, \u010dich a chu\u0165?<\/li>\n<li>V\u00edte, \u017ee mo\u017en\u00e1 d\u00edky pobytu ve tm\u011b budete m\u00edt sny v\u00edc 3D?<\/li>\n<li>V\u00edte, \u017ee dok\u00e1\u017eete ve tm\u011b i ps\u00e1t? &#8230;..<\/li>\n<\/ul>\n<p><strong>Co V\u00e1m pobyt ve tm\u011b m\u016f\u017ee p\u0159in\u00e9st?<\/strong><\/p>\n<p>Jestli pot\u0159ebujete:<\/p>\n<p>pochopit Va\u0161e t\u011blo, nebo uvolnit hlavu, vy\u0159e\u0161it probl\u00e9m, z\u00edskat nov\u00e9 pohledy na sv\u011bt, objevit limity sv\u00e9ho t\u011bla, zlep\u0161it soust\u0159ed\u011bn\u00ed, hled\u00e1te odpo\u010dinek\u2026<\/p>\n<p>Mysl\u00edm, \u017ee ka\u017ed\u00e9mu n\u011bco d\u016fle\u017eit\u00e9 p\u0159inese, v\u00a0\u017e\u00e1dn\u00e9m p\u0159\u00edpad\u011b to nen\u00ed ztracen\u00fd \u010das, nav\u00edc to m\u016f\u017eete kdykoliv stopnout &#8211; sta\u010d\u00ed si rozsv\u00edtit \ud83d\ude0a.<\/p>\n<p><strong>Pro koho je dom\u00e1c\u00ed pobyt ve tm\u011b vhodn\u00fd:<\/strong><\/p>\n<p>Pro ka\u017ed\u00e9ho, kdo se na n\u011bj t\u011b\u0161\u00ed (a\u017e na v\u00fdjimky viz n\u00ed\u017ee),<\/p>\n<p>kdo chce porozum\u011bt t\u011blu, du\u0161i, vztah\u016fm\u2026<\/p>\n<p>kdo hled\u00e1 \u0159e\u0161en\u00ed probl\u00e9m\u016f a nenach\u00e1z\u00ed je\u2026<\/p>\n<p>Je velice vhodn\u00fd pro v\u0161echny, kte\u0159\u00ed nad n\u00edm uva\u017euj\u00ed, ale z\u00a0jak\u00fdchkoliv d\u016fvod\u016f ho zat\u00edm nezrealizovali.<\/p>\n<p><strong>Pro koho pobyt nen\u00ed:<\/strong><\/p>\n<p>Nen\u00ed pro maminky s\u00a0d\u011btmi do 12 let, pokud budou v\u00a0uvedenou dobu d\u011bti ve stejn\u00e9m dom\u011b.<\/p>\n<p>Mysl\u00edm, \u017ee nen\u00ed pro lidi s\u00a0depres\u00ed a z\u00a0fobii ze tmy.<\/p>\n<p>Nen\u00ed pro lidi, kte\u0159\u00ed se pro to nerozhodnou sami (poukaz na pobyt jen v\u00a0p\u0159\u00edpad\u011b, \u017ee to uveden\u00fd \u010dlov\u011bk chce absolvovat).<\/p>\n<p>Nen\u00ed vhodn\u00fd pro lidi, pokud jejich rodina s\u00a0t\u00edm nebude souhlasit.<\/p>\n<p>&nbsp;<\/p>\n<p>Dom\u00e1c\u00ed obyt ve tm\u011b je ur\u010dit\u011b jin\u00fd ne\u017e pobyt absolvovan\u00fd mimo domov v\u00a0\u00fapln\u00e9m odlou\u010den\u00ed od lid\u00ed, p\u0159\u00edpadn\u011b i j\u00eddla. D\u00e1 V\u00e1m asi jin\u00e9 vjemy a z\u00e1\u017eitky, to v\u0161ak neznamen\u00e1, \u017ee to nem\u00e1 cenu. Z\u00e1le\u017e\u00ed na V\u00e1s, co chcete absolvovat.<\/p>\n<p>&nbsp;<\/p>\n<p>Nejlep\u0161\u00ed hl\u00e1\u0161ka, kterou jsem od sv\u00e9 rodiny b\u011bhem pobytu sly\u0161ela:<\/p>\n<p><em><u>T\u011b\u0161\u00edme se a\u017e T\u011b uvid\u00edme.<\/u><\/em><\/p>\n<p>&nbsp;<\/p>\n<p><strong><em>V\u00a0p\u0159\u00edpad\u011b z\u00e1jmu V\u00e1m Pomohu p\u0159ipravit pobyt ve tm\u011b v\u00a0dom\u00e1c\u00edm prost\u0159ed\u00ed &#8211; utvo\u0159en\u00fd pro V\u00e1s na m\u00edru.<\/em><\/strong><\/p>\n<p>Probereme:<\/p>\n<p>Co si p\u0159ipravit na pobyt, jak p\u0159ipravit m\u00edstnost, jak p\u0159ipravit sebe, rodinu, okol\u00ed, podm\u00ednky b\u011bhem pobytu (n\u00e1v\u0161t\u011bvy rodiny v\u00a0ur\u010ditou dobu, pobyt partnera, chod dom\u00e1cnosti). Mohu V\u00e1m v\u0161e p\u0159ipravit na m\u00edru, nebo jen prokonzultovat v\u0161e d\u016fle\u017eit\u00e9.<\/p>\n<p>T\u011b\u0161\u00edm se a\u017e se <strong><em>uvid\u00edme<\/em><\/strong>.<\/p>\n<p>&nbsp;<\/p>\n<p><strong>M\u00e1te z\u00e1jem o dom\u00e1c\u00ed pobyt ve tm\u011b <\/strong><\/p>\n<p>V\u00a0p\u0159\u00edpad\u011b z\u00e1jmu konzultace po Skype\u00a0\u00a0\u00a0\u00a0 \u00a01 hodina\u00a0\u00a0 600 K\u010d<\/p>\n<p>Dojezd na m\u00edsto 1km\u00a0\u00a0\u00a0\u00a0\u00a0\u00a0\u00a0\u00a0\u00a0\u00a0\u00a0\u00a0\u00a0\u00a0\u00a0 6 K\u010d<\/p>\n<p>Konzultace na m\u00edst\u011b\/p\u0159\u00edprava na m\u00edst\u011b (p\u0159\u00edprava pokoje je cca na 2 hodiny)\u00a0 500\/hod. V\u00a0p\u0159\u00edpad\u011b, \u017ee to bude del\u0161\u00ed, ka\u017ed\u00e1 dal\u0161\u00ed hodina je za 200 K\u010d<\/p>\n<p><strong>P\u0159\u00edklad<\/strong><\/p>\n<p>Bydl\u00edte v\u00a0Praze a domluv\u00edme se, \u017ee V\u00e1m v\u0161e p\u0159iprav\u00edm.<\/p>\n<p>Va\u0161e cena by byla:<\/p>\n<p>Doprava \u0160indlovy Dvory \u2013 Praha a zp\u011bt = 320 km x 6 K\u010d = 1900 K\u010d<\/p>\n<p>P\u0159\u00edprava a konzultace na m\u00edst\u011b 1000 K\u010d (2 hodiny)<\/p>\n<p>Celkem V\u00e1s dom\u00e1c\u00ed pobyt ve tm\u011b bude st\u00e1t 2900 K\u010d<\/p>\n","protected":false},"excerpt":{"rendered":"<p>Dom\u00e1c\u00ed pobyt ve tm\u011b &nbsp; Uva\u017eovali jste n\u011bkdy o pobytu ve tm\u011b, ale odradilo V\u00e1s nap\u0159. \u017ee\u00a0 mus\u00edte jet n\u011bkam daleko, do ciz\u00edho prost\u0159ed\u00ed, nev\u00edte, zda to dok\u00e1\u017eete, a p\u0159ece V\u00e1s to l\u00e1k\u00e1, nechcete b\u00fdt \u00fapln\u011b odlou\u010deni od rodiny, nebo &hellip; <a href=\"https:\/\/samouzdraveni.cz\/?page_id=1272\">Cel\u00fd p\u0159\u00edsp\u011bvek <span class=\"meta-nav\">&rarr;<\/span><\/a><\/p>\n","protected":false},"author":3,"featured_media":0,"parent":0,"menu_order":0,"comment_status":"closed","ping_status":"closed","template":"","meta":{"footnotes":""},"class_list":["post-1272","page","type-page","status-publish","hentry"],"_links":{"self":[{"href":"https:\/\/samouzdraveni.cz\/index.php?rest_route=\/wp\/v2\/pages\/1272","targetHints":{"allow":["GET"]}}],"collection":[{"href":"https:\/\/samouzdraveni.cz\/index.php?rest_route=\/wp\/v2\/pages"}],"about":[{"href":"https:\/\/samouzdraveni.cz\/index.php?rest_route=\/wp\/v2\/types\/page"}],"author":[{"embeddable":true,"href":"https:\/\/samouzdraveni.cz\/index.php?rest_route=\/wp\/v2\/users\/3"}],"replies":[{"embeddable":true,"href":"https:\/\/samouzdraveni.cz\/index.php?rest_route=%2Fwp%2Fv2%2Fcomments&post=1272"}],"version-history":[{"count":3,"href":"https:\/\/samouzdraveni.cz\/index.php?rest_route=\/wp\/v2\/pages\/1272\/revisions"}],"predecessor-version":[{"id":1276,"href":"https:\/\/samouzdraveni.cz\/index.php?rest_route=\/wp\/v2\/pages\/1272\/revisions\/1276"}],"wp:attachment":[{"href":"https:\/\/samouzdraveni.cz\/index.php?rest_route=%2Fwp%2Fv2%2Fmedia&parent=1272"}],"curies":[{"name":"wp","href":"https:\/\/api.w.org\/{rel}","templated":true}]}}