{"id":1680,"date":"2020-12-30T14:53:06","date_gmt":"2020-12-30T14:53:06","guid":{"rendered":"http:\/\/samouzdraveni.cz\/?page_id=1680"},"modified":"2024-11-23T17:32:08","modified_gmt":"2024-11-23T17:32:08","slug":"fotogalerie","status":"publish","type":"page","link":"https:\/\/samouzdraveni.cz\/?page_id=1680","title":{"rendered":"Fotogalerie"},"content":{"rendered":"\n<p>Zde najdete p\u00e1r fotek z m\u00fdch akc\u00ed <\/p>\n\n\n\n<p>nap\u0159. v Sama Doma na \u010cT, nebo z n\u011bkter\u00fdch m\u00fdch kurz\u016f (v\u011bt\u0161inou zapom\u00edn\u00e1m po\u017e\u00e1dat o fotky a jsem tak napojen\u00e1 a vta\u017een\u00e1 do d\u011bje, \u017ee nefot\u00edm a tak je fotek m\u00e1lo).<\/p>\n\n\n\n<figure class=\"wp-block-image size-large is-resized\"><a href=\"https:\/\/samouzdraveni.cz\/wp-content\/uploads\/2024\/09\/Ja-v-Sama-Doma.png\"><img loading=\"lazy\" decoding=\"async\" width=\"940\" height=\"643\" src=\"https:\/\/samouzdraveni.cz\/wp-content\/uploads\/2024\/09\/Ja-v-Sama-Doma-940x643.png\" alt=\"\" class=\"wp-image-2846\" style=\"width:596px;height:auto\" srcset=\"https:\/\/samouzdraveni.cz\/wp-content\/uploads\/2024\/09\/Ja-v-Sama-Doma-940x643.png 940w, https:\/\/samouzdraveni.cz\/wp-content\/uploads\/2024\/09\/Ja-v-Sama-Doma-620x424.png 620w, https:\/\/samouzdraveni.cz\/wp-content\/uploads\/2024\/09\/Ja-v-Sama-Doma-768x526.png 768w, https:\/\/samouzdraveni.cz\/wp-content\/uploads\/2024\/09\/Ja-v-Sama-Doma.png 1011w\" sizes=\"auto, (max-width: 940px) 100vw, 940px\" \/><\/a><figcaption class=\"wp-element-caption\">V Sama Doma na \u010cT 1<\/figcaption><\/figure>\n\n\n\n<figure class=\"wp-block-image size-large is-resized\"><img loading=\"lazy\" decoding=\"async\" width=\"785\" height=\"631\" src=\"https:\/\/samouzdraveni.cz\/wp-content\/uploads\/2020\/12\/byliny-do-kazde-domaci-lekarnicky.jpg\" alt=\"\" class=\"wp-image-1695\" style=\"width:670px;height:auto\" srcset=\"https:\/\/samouzdraveni.cz\/wp-content\/uploads\/2020\/12\/byliny-do-kazde-domaci-lekarnicky.jpg 785w, https:\/\/samouzdraveni.cz\/wp-content\/uploads\/2020\/12\/byliny-do-kazde-domaci-lekarnicky-620x498.jpg 620w, https:\/\/samouzdraveni.cz\/wp-content\/uploads\/2020\/12\/byliny-do-kazde-domaci-lekarnicky-768x617.jpg 768w\" sizes=\"auto, (max-width: 785px) 100vw, 785px\" \/><figcaption class=\"wp-element-caption\">V Sama Doma na \u010cT1<\/figcaption><\/figure>\n\n\n\n<figure class=\"wp-block-image size-large is-resized\"><img loading=\"lazy\" decoding=\"async\" width=\"940\" height=\"529\" src=\"https:\/\/samouzdraveni.cz\/wp-content\/uploads\/2020\/12\/216562220600020_01-940x529.jpg\" alt=\"\" class=\"wp-image-1682\" srcset=\"https:\/\/samouzdraveni.cz\/wp-content\/uploads\/2020\/12\/216562220600020_01-940x529.jpg 940w, https:\/\/samouzdraveni.cz\/wp-content\/uploads\/2020\/12\/216562220600020_01-620x349.jpg 620w, https:\/\/samouzdraveni.cz\/wp-content\/uploads\/2020\/12\/216562220600020_01-768x432.jpg 768w, https:\/\/samouzdraveni.cz\/wp-content\/uploads\/2020\/12\/216562220600020_01.jpg 1280w\" sizes=\"auto, (max-width: 940px) 100vw, 940px\" \/><\/figure>\n\n\n\n<figure class=\"wp-block-image size-large\"><a href=\"https:\/\/samouzdraveni.cz\/wp-content\/uploads\/2024\/10\/Vyborna.jpg\"><img loading=\"lazy\" decoding=\"async\" width=\"940\" height=\"602\" src=\"https:\/\/samouzdraveni.cz\/wp-content\/uploads\/2024\/10\/Vyborna-940x602.jpg\" alt=\"\" class=\"wp-image-2888\" srcset=\"https:\/\/samouzdraveni.cz\/wp-content\/uploads\/2024\/10\/Vyborna-940x602.jpg 940w, https:\/\/samouzdraveni.cz\/wp-content\/uploads\/2024\/10\/Vyborna-620x397.jpg 620w, https:\/\/samouzdraveni.cz\/wp-content\/uploads\/2024\/10\/Vyborna-768x491.jpg 768w, https:\/\/samouzdraveni.cz\/wp-content\/uploads\/2024\/10\/Vyborna-1536x983.jpg 1536w, https:\/\/samouzdraveni.cz\/wp-content\/uploads\/2024\/10\/Vyborna.jpg 1797w\" sizes=\"auto, (max-width: 940px) 100vw, 940px\" \/><\/a><figcaption class=\"wp-element-caption\">Workshop Kr\u00e1sna v ka\u017edom veku &#8211; Stropkov  26.10.2024<\/figcaption><\/figure>\n\n\n\n<figure class=\"wp-block-image size-large is-resized\"><a href=\"https:\/\/samouzdraveni.cz\/wp-content\/uploads\/2024\/11\/trojka.jpg\"><img loading=\"lazy\" decoding=\"async\" width=\"940\" height=\"990\" src=\"https:\/\/samouzdraveni.cz\/wp-content\/uploads\/2024\/11\/trojka-940x990.jpg\" alt=\"\" class=\"wp-image-2922\" style=\"width:568px;height:auto\" srcset=\"https:\/\/samouzdraveni.cz\/wp-content\/uploads\/2024\/11\/trojka-940x990.jpg 940w, https:\/\/samouzdraveni.cz\/wp-content\/uploads\/2024\/11\/trojka-620x653.jpg 620w, https:\/\/samouzdraveni.cz\/wp-content\/uploads\/2024\/11\/trojka-768x809.jpg 768w, https:\/\/samouzdraveni.cz\/wp-content\/uploads\/2024\/11\/trojka.jpg 1200w\" sizes=\"auto, (max-width: 940px) 100vw, 940px\" \/><\/a><figcaption class=\"wp-element-caption\">N\u00e1\u0161 Zinzino video t\u00fdm<\/figcaption><\/figure>\n\n\n\n<figure class=\"wp-block-image size-large\"><a href=\"https:\/\/samouzdraveni.cz\/wp-content\/uploads\/2024\/01\/391577724_10219178543854348_5887962668461156314_n.jpg\"><img loading=\"lazy\" decoding=\"async\" width=\"940\" height=\"602\" src=\"https:\/\/samouzdraveni.cz\/wp-content\/uploads\/2024\/01\/391577724_10219178543854348_5887962668461156314_n-940x602.jpg\" alt=\"\" class=\"wp-image-2717\" srcset=\"https:\/\/samouzdraveni.cz\/wp-content\/uploads\/2024\/01\/391577724_10219178543854348_5887962668461156314_n-940x602.jpg 940w, https:\/\/samouzdraveni.cz\/wp-content\/uploads\/2024\/01\/391577724_10219178543854348_5887962668461156314_n-620x397.jpg 620w, https:\/\/samouzdraveni.cz\/wp-content\/uploads\/2024\/01\/391577724_10219178543854348_5887962668461156314_n-768x492.jpg 768w, https:\/\/samouzdraveni.cz\/wp-content\/uploads\/2024\/01\/391577724_10219178543854348_5887962668461156314_n-1536x984.jpg 1536w, https:\/\/samouzdraveni.cz\/wp-content\/uploads\/2024\/01\/391577724_10219178543854348_5887962668461156314_n.jpg 1626w\" sizes=\"auto, (max-width: 940px) 100vw, 940px\" \/><\/a><figcaption class=\"wp-element-caption\">Zinzino Norsko \u0159\u00edjen 2023<\/figcaption><\/figure>\n\n\n\n<figure class=\"wp-block-image size-large is-resized\"><a href=\"https:\/\/samouzdraveni.cz\/wp-content\/uploads\/2024\/09\/Obrazek-WhatsApp-2024-09-04-v-19.11.46_584dd5df.jpg\"><img loading=\"lazy\" decoding=\"async\" width=\"940\" height=\"424\" src=\"https:\/\/samouzdraveni.cz\/wp-content\/uploads\/2024\/09\/Obrazek-WhatsApp-2024-09-04-v-19.11.46_584dd5df-940x424.jpg\" alt=\"\" class=\"wp-image-2848\" style=\"width:670px;height:auto\" srcset=\"https:\/\/samouzdraveni.cz\/wp-content\/uploads\/2024\/09\/Obrazek-WhatsApp-2024-09-04-v-19.11.46_584dd5df-940x424.jpg 940w, https:\/\/samouzdraveni.cz\/wp-content\/uploads\/2024\/09\/Obrazek-WhatsApp-2024-09-04-v-19.11.46_584dd5df-620x279.jpg 620w, https:\/\/samouzdraveni.cz\/wp-content\/uploads\/2024\/09\/Obrazek-WhatsApp-2024-09-04-v-19.11.46_584dd5df-768x346.jpg 768w, https:\/\/samouzdraveni.cz\/wp-content\/uploads\/2024\/09\/Obrazek-WhatsApp-2024-09-04-v-19.11.46_584dd5df-1536x692.jpg 1536w, https:\/\/samouzdraveni.cz\/wp-content\/uploads\/2024\/09\/Obrazek-WhatsApp-2024-09-04-v-19.11.46_584dd5df.jpg 2048w\" sizes=\"auto, (max-width: 940px) 100vw, 940px\" \/><\/a><figcaption class=\"wp-element-caption\">Cvi\u010den\u00ed s m\u00fdmi d\u016fchodkyn\u011bmi z\u00e1\u0159\u00ed 2024 &#8211; jsou skv\u011bl\u00e9<\/figcaption><\/figure>\n\n\n\n<p><\/p>\n\n\n\n<figure class=\"wp-block-gallery has-nested-images columns-default is-cropped wp-block-gallery-1 is-layout-flex wp-block-gallery-is-layout-flex\">\n<figure class=\"wp-block-image size-large\"><img loading=\"lazy\" decoding=\"async\" width=\"700\" height=\"525\" data-id=\"1684\" src=\"https:\/\/samouzdraveni.cz\/wp-content\/uploads\/2020\/12\/Adr.-Kasparova.jpg\" alt=\"\" class=\"wp-image-1684\" srcset=\"https:\/\/samouzdraveni.cz\/wp-content\/uploads\/2020\/12\/Adr.-Kasparova.jpg 700w, https:\/\/samouzdraveni.cz\/wp-content\/uploads\/2020\/12\/Adr.-Kasparova-620x465.jpg 620w\" sizes=\"auto, (max-width: 700px) 100vw, 700px\" \/><\/figure>\n<figcaption class=\"blocks-gallery-caption wp-element-caption\">Kurz v\u00fdroby kosmetiky ve \u0161kole Veritas Plze\u0148<\/figcaption><\/figure>\n\n\n\n<p><\/p>\n\n\n\n<p><\/p>\n\n\n\n<p><\/p>\n\n\n\n<figure class=\"wp-block-image size-large is-resized\"><img loading=\"lazy\" decoding=\"async\" width=\"800\" height=\"1184\" src=\"https:\/\/samouzdraveni.cz\/wp-content\/uploads\/2020\/12\/adriana-kasparova.jpg\" alt=\"\" class=\"wp-image-1685\" style=\"width:425px;height:629px\" srcset=\"https:\/\/samouzdraveni.cz\/wp-content\/uploads\/2020\/12\/adriana-kasparova.jpg 800w, https:\/\/samouzdraveni.cz\/wp-content\/uploads\/2020\/12\/adriana-kasparova-620x918.jpg 620w, https:\/\/samouzdraveni.cz\/wp-content\/uploads\/2020\/12\/adriana-kasparova-768x1137.jpg 768w\" sizes=\"auto, (max-width: 800px) 100vw, 800px\" \/><figcaption class=\"wp-element-caption\">Kurz intuitivn\u00edho bylin\u00e1\u0159stv\u00ed Kory\u010dany<\/figcaption><\/figure>\n\n\n\n<figure class=\"wp-block-image size-large\"><img loading=\"lazy\" decoding=\"async\" width=\"387\" height=\"516\" src=\"https:\/\/samouzdraveni.cz\/wp-content\/uploads\/2020\/12\/IMG_4305.jpg\" alt=\"\" class=\"wp-image-1688\"\/><\/figure>\n\n\n\n<p><\/p>\n\n\n\n<p><\/p>\n\n\n\n<p><\/p>\n\n\n\n<figure class=\"wp-block-image size-large\"><img loading=\"lazy\" decoding=\"async\" width=\"303\" height=\"201\" src=\"https:\/\/samouzdraveni.cz\/wp-content\/uploads\/2020\/12\/DSC_0310.jpg\" alt=\"\" class=\"wp-image-1687\"\/><figcaption class=\"wp-element-caption\"><strong>Kurz pro \u017eeny<\/strong><\/figcaption><\/figure>\n\n\n\n<p><\/p>\n\n\n\n<p><\/p>\n\n\n\n<figure class=\"wp-block-image size-large is-resized\"><img loading=\"lazy\" decoding=\"async\" width=\"834\" height=\"626\" src=\"https:\/\/samouzdraveni.cz\/wp-content\/uploads\/2020\/12\/unnamed-file.jpg\" alt=\"\" class=\"wp-image-1689\" style=\"width:605px;height:453px\" srcset=\"https:\/\/samouzdraveni.cz\/wp-content\/uploads\/2020\/12\/unnamed-file.jpg 834w, https:\/\/samouzdraveni.cz\/wp-content\/uploads\/2020\/12\/unnamed-file-620x465.jpg 620w, https:\/\/samouzdraveni.cz\/wp-content\/uploads\/2020\/12\/unnamed-file-768x576.jpg 768w\" sizes=\"auto, (max-width: 834px) 100vw, 834px\" \/><figcaption class=\"wp-element-caption\">Kurz Aromaterapie a bylinn\u00e9 kosmetiky Tilia \u010cesk\u00e9 Bud\u011bjovice<\/figcaption><\/figure>\n\n\n\n<figure class=\"wp-block-image size-large is-resized\"><img loading=\"lazy\" decoding=\"async\" width=\"814\" height=\"625\" src=\"https:\/\/samouzdraveni.cz\/wp-content\/uploads\/2020\/12\/8.png\" alt=\"\" class=\"wp-image-1701\" style=\"width:623px;height:478px\" srcset=\"https:\/\/samouzdraveni.cz\/wp-content\/uploads\/2020\/12\/8.png 814w, https:\/\/samouzdraveni.cz\/wp-content\/uploads\/2020\/12\/8-620x476.png 620w, https:\/\/samouzdraveni.cz\/wp-content\/uploads\/2020\/12\/8-768x590.png 768w\" sizes=\"auto, (max-width: 814px) 100vw, 814px\" \/><figcaption class=\"wp-element-caption\">Obr\u00e1zek z \u010ceskobud\u011bjovick\u00e9ho denn\u00edku<\/figcaption><\/figure>\n\n\n\n<p><\/p>\n\n\n\n<figure class=\"wp-block-gallery has-nested-images columns-default is-cropped wp-block-gallery-2 is-layout-flex wp-block-gallery-is-layout-flex\">\n<figure class=\"wp-block-image size-large\"><img loading=\"lazy\" decoding=\"async\" width=\"855\" height=\"626\" data-id=\"1690\" src=\"https:\/\/samouzdraveni.cz\/wp-content\/uploads\/2020\/12\/unnamed-file-1.jpg\" alt=\"\" class=\"wp-image-1690\" srcset=\"https:\/\/samouzdraveni.cz\/wp-content\/uploads\/2020\/12\/unnamed-file-1.jpg 855w, https:\/\/samouzdraveni.cz\/wp-content\/uploads\/2020\/12\/unnamed-file-1-620x454.jpg 620w, https:\/\/samouzdraveni.cz\/wp-content\/uploads\/2020\/12\/unnamed-file-1-768x562.jpg 768w\" sizes=\"auto, (max-width: 855px) 100vw, 855px\" \/><\/figure>\n<figcaption class=\"blocks-gallery-caption wp-element-caption\">Kurz intuitivn\u00edho bylin\u00e1\u0159stv\u00ed a Bachov\u00fdch esenc\u00ed Praha<\/figcaption><\/figure>\n\n\n\n<p><\/p>\n","protected":false},"excerpt":{"rendered":"<p>Zde najdete p\u00e1r fotek z m\u00fdch akc\u00ed nap\u0159. v Sama Doma na \u010cT, nebo z n\u011bkter\u00fdch m\u00fdch kurz\u016f (v\u011bt\u0161inou zapom\u00edn\u00e1m po\u017e\u00e1dat o fotky a jsem tak napojen\u00e1 a vta\u017een\u00e1 do d\u011bje, \u017ee nefot\u00edm a tak je fotek m\u00e1lo).<\/p>\n","protected":false},"author":3,"featured_media":0,"parent":0,"menu_order":0,"comment_status":"closed","ping_status":"closed","template":"","meta":{"footnotes":""},"class_list":["post-1680","page","type-page","status-publish","hentry"],"_links":{"self":[{"href":"https:\/\/samouzdraveni.cz\/index.php?rest_route=\/wp\/v2\/pages\/1680","targetHints":{"allow":["GET"]}}],"collection":[{"href":"https:\/\/samouzdraveni.cz\/index.php?rest_route=\/wp\/v2\/pages"}],"about":[{"href":"https:\/\/samouzdraveni.cz\/index.php?rest_route=\/wp\/v2\/types\/page"}],"author":[{"embeddable":true,"href":"https:\/\/samouzdraveni.cz\/index.php?rest_route=\/wp\/v2\/users\/3"}],"replies":[{"embeddable":true,"href":"https:\/\/samouzdraveni.cz\/index.php?rest_route=%2Fwp%2Fv2%2Fcomments&post=1680"}],"version-history":[{"count":14,"href":"https:\/\/samouzdraveni.cz\/index.php?rest_route=\/wp\/v2\/pages\/1680\/revisions"}],"predecessor-version":[{"id":2923,"href":"https:\/\/samouzdraveni.cz\/index.php?rest_route=\/wp\/v2\/pages\/1680\/revisions\/2923"}],"wp:attachment":[{"href":"https:\/\/samouzdraveni.cz\/index.php?rest_route=%2Fwp%2Fv2%2Fmedia&parent=1680"}],"curies":[{"name":"wp","href":"https:\/\/api.w.org\/{rel}","templated":true}]}}