{"id":2123,"date":"2022-04-26T08:34:41","date_gmt":"2022-04-26T08:34:41","guid":{"rendered":"https:\/\/samouzdraveni.cz\/?page_id=2123"},"modified":"2024-06-04T14:11:03","modified_gmt":"2024-06-04T14:11:03","slug":"neco-pro-tebe","status":"publish","type":"page","link":"https:\/\/samouzdraveni.cz\/?page_id=2123","title":{"rendered":"N\u011bco nav\u00edc pro Tebe"},"content":{"rendered":"\n<p>M\u016fj mil\u00fd zv\u011bdav\u00fd sp\u0159\u00edznenci.<\/p>\n\n\n\n<p>Tato \u010d\u00e1st je p\u0159esn\u011b pro Tebe. <\/p>\n\n\n\n<p>Pro\u010d? proto\u017ee jsi zv\u011bdav\u00fd a l\u00edb\u00ed se ti hledat a nespokoj\u00ed\u0161 se dokud nezjist\u00ed\u0161 jak v\u011bci funguj\u00ed.  Chce\u0161 pozn\u00e1vat a pou\u0161t\u00ed\u0161 se do hled\u00e1n\u00ed i tam, kde jin\u00ed nehledaj\u00ed a to se mi moc l\u00edb\u00ed.<\/p>\n\n\n\n<p><strong>Co pro tebe m\u00e1m?<\/strong> <\/p>\n\n\n\n<p>Pracuji v\u00edce ne\u017e 10 let v s\u00ed\u0165ov\u00e9m marketingu (Zinzino), Bewit,Green Ways) a nedok\u00e1\u017ei si p\u0159edstavit, \u017ee bych mohla m\u00edt lep\u0161\u00ed pr\u00e1ci. M\u00e1 mnoho v\u00fdhod. <\/p>\n\n\n\n<figure class=\"wp-block-image size-large\"><a href=\"https:\/\/samouzdraveni.cz\/wp-content\/uploads\/2024\/01\/391577724_10219178543854348_5887962668461156314_n.jpg\"><img loading=\"lazy\" decoding=\"async\" width=\"940\" height=\"602\" src=\"https:\/\/samouzdraveni.cz\/wp-content\/uploads\/2024\/01\/391577724_10219178543854348_5887962668461156314_n-940x602.jpg\" alt=\"\" class=\"wp-image-2717\" srcset=\"https:\/\/samouzdraveni.cz\/wp-content\/uploads\/2024\/01\/391577724_10219178543854348_5887962668461156314_n-940x602.jpg 940w, https:\/\/samouzdraveni.cz\/wp-content\/uploads\/2024\/01\/391577724_10219178543854348_5887962668461156314_n-620x397.jpg 620w, https:\/\/samouzdraveni.cz\/wp-content\/uploads\/2024\/01\/391577724_10219178543854348_5887962668461156314_n-768x492.jpg 768w, https:\/\/samouzdraveni.cz\/wp-content\/uploads\/2024\/01\/391577724_10219178543854348_5887962668461156314_n-1536x984.jpg 1536w, https:\/\/samouzdraveni.cz\/wp-content\/uploads\/2024\/01\/391577724_10219178543854348_5887962668461156314_n.jpg 1626w\" sizes=\"auto, (max-width: 940px) 100vw, 940px\" \/><\/a><\/figure>\n\n\n\n<p>Dv\u011b pro mne nejz\u00e1sadn\u011bj\u0161\u00ed jsou \u017ee si <strong>za mal\u00e9 pen\u00edze mohu vybudovat firmu<\/strong> a b\u00fdt dob\u0159e ohodnocena.                                                                                                                                                     Druh\u00e1 v\u00fdhoda kterou hodn\u011b oce\u0148uji kdy\u017e nemohu pracovat je to, \u017ee <strong>m\u00e1m st\u00e1l\u00fd pasivn\u00ed p\u0159\u00edjem<\/strong> a \u010dasovou <strong>svobodu<\/strong>. <\/p>\n\n\n\n<p>Zde m\u00e1\u0161 kr\u00e1tk\u00e9 4 minutov\u00e9 video co to znamen\u00e1 pracovat s se Zinzinem<\/p>\n\n\n\n<p>4 minuty, kter\u00e9 mohou b\u00fdt velice d\u016fle\u017eit\u00e9<\/p>\n\n\n\n<figure class=\"wp-block-embed is-type-video is-provider-youtube wp-block-embed-youtube wp-embed-aspect-16-9 wp-has-aspect-ratio\"><div class=\"wp-block-embed__wrapper\">\n<iframe loading=\"lazy\" title=\"4 minuty, kter\u00e9 m\u016f\u017eou b\u00fdt d\u016fle\u017eit\u00e9 - Partnersk\u00e1 prezentace   Zinzino\" width=\"640\" height=\"360\" src=\"https:\/\/www.youtube.com\/embed\/PE8OgCqSrEA?feature=oembed\" frameborder=\"0\" allow=\"accelerometer; autoplay; clipboard-write; encrypted-media; gyroscope; picture-in-picture; web-share\" referrerpolicy=\"strict-origin-when-cross-origin\" allowfullscreen><\/iframe>\n<\/div><\/figure>\n\n\n\n<p><a href=\"https:\/\/youtu.be\/PE8OgCqSrEA \"> <\/a>Zde je dvouminut\u00e9v\u00e9 o GW<\/p>\n\n\n\n<p>Odkaz na video<\/p>\n\n\n\n<figure class=\"wp-block-embed is-type-video is-provider-youtube wp-block-embed-youtube wp-embed-aspect-16-9 wp-has-aspect-ratio\"><div class=\"wp-block-embed__wrapper\">\n<iframe loading=\"lazy\" title=\"S\u00e1zen\u00ed my\u0161lenek\" width=\"640\" height=\"360\" src=\"https:\/\/www.youtube.com\/embed\/5NQfzyxE3ao?feature=oembed\" frameborder=\"0\" allow=\"accelerometer; autoplay; clipboard-write; encrypted-media; gyroscope; picture-in-picture; web-share\" referrerpolicy=\"strict-origin-when-cross-origin\" allowfullscreen><\/iframe>\n<\/div><\/figure>\n\n\n\n<p><\/p>\n\n\n\n<p>Hled\u00e1m \u010dlov\u011bka kter\u00fd by chtel pracovat (se mnou) v etick\u00e9m s\u00ed\u0165ov\u00e9m marketingu. Pokud t\u011b to zaujalo pod\u00edvej se na m\u00e9 minutov\u00e9 video. Pokud se rozhodne\u0161, \u017ee ANO \u010dek\u00e1m na tebe, ozvi se mi.<\/p>\n\n\n\n<p>&#8222;<em><strong>Pokud si najde\u0161 pr\u00e1ci, kter\u00e1 t\u011b bude bavit, tak nikdy v \u017eivot\u011b nebude\u0161 pracovat.&#8220;<\/strong><\/em><\/p>\n\n\n\n<p>Tak to m\u00e1m j\u00e1. Mo\u017en\u00e1 by se ti to taky l\u00edbilo.<\/p>\n\n\n\n<p><\/p>\n\n\n\n<figure class=\"wp-block-embed is-type-video is-provider-youtube wp-block-embed-youtube wp-embed-aspect-16-9 wp-has-aspect-ratio\"><div class=\"wp-block-embed__wrapper\">\n<iframe loading=\"lazy\" title=\"Inzer\u00e1t\" width=\"640\" height=\"360\" src=\"https:\/\/www.youtube.com\/embed\/-bqxoHBNrsg?feature=oembed\" frameborder=\"0\" allow=\"accelerometer; autoplay; clipboard-write; encrypted-media; gyroscope; picture-in-picture; web-share\" referrerpolicy=\"strict-origin-when-cross-origin\" allowfullscreen><\/iframe>\n<\/div><\/figure>\n","protected":false},"excerpt":{"rendered":"<p>M\u016fj mil\u00fd zv\u011bdav\u00fd sp\u0159\u00edznenci. Tato \u010d\u00e1st je p\u0159esn\u011b pro Tebe. Pro\u010d? proto\u017ee jsi zv\u011bdav\u00fd a l\u00edb\u00ed se ti hledat a nespokoj\u00ed\u0161 se dokud nezjist\u00ed\u0161 jak v\u011bci funguj\u00ed. Chce\u0161 pozn\u00e1vat a pou\u0161t\u00ed\u0161 se do hled\u00e1n\u00ed i tam, kde jin\u00ed nehledaj\u00ed a &hellip; <a href=\"https:\/\/samouzdraveni.cz\/?page_id=2123\">Cel\u00fd p\u0159\u00edsp\u011bvek <span class=\"meta-nav\">&rarr;<\/span><\/a><\/p>\n","protected":false},"author":3,"featured_media":0,"parent":0,"menu_order":0,"comment_status":"closed","ping_status":"closed","template":"","meta":{"footnotes":""},"class_list":["post-2123","page","type-page","status-publish","hentry"],"_links":{"self":[{"href":"https:\/\/samouzdraveni.cz\/index.php?rest_route=\/wp\/v2\/pages\/2123","targetHints":{"allow":["GET"]}}],"collection":[{"href":"https:\/\/samouzdraveni.cz\/index.php?rest_route=\/wp\/v2\/pages"}],"about":[{"href":"https:\/\/samouzdraveni.cz\/index.php?rest_route=\/wp\/v2\/types\/page"}],"author":[{"embeddable":true,"href":"https:\/\/samouzdraveni.cz\/index.php?rest_route=\/wp\/v2\/users\/3"}],"replies":[{"embeddable":true,"href":"https:\/\/samouzdraveni.cz\/index.php?rest_route=%2Fwp%2Fv2%2Fcomments&post=2123"}],"version-history":[{"count":13,"href":"https:\/\/samouzdraveni.cz\/index.php?rest_route=\/wp\/v2\/pages\/2123\/revisions"}],"predecessor-version":[{"id":2804,"href":"https:\/\/samouzdraveni.cz\/index.php?rest_route=\/wp\/v2\/pages\/2123\/revisions\/2804"}],"wp:attachment":[{"href":"https:\/\/samouzdraveni.cz\/index.php?rest_route=%2Fwp%2Fv2%2Fmedia&parent=2123"}],"curies":[{"name":"wp","href":"https:\/\/api.w.org\/{rel}","templated":true}]}}