{"id":2295,"date":"2025-07-18T14:39:48","date_gmt":"2025-07-18T14:39:48","guid":{"rendered":"https:\/\/samouzdraveni.cz\/?page_id=2295"},"modified":"2025-07-22T19:25:08","modified_gmt":"2025-07-22T19:25:08","slug":"e-shop","status":"publish","type":"page","link":"https:\/\/samouzdraveni.cz\/?page_id=2295","title":{"rendered":"E shop"},"content":{"rendered":"\n<p>Moji mil\u00ed E SHOP JE VE V\u00ddSTAVB\u011a ZAT\u00cdM NEN\u00cd KOMPLETN\u00cd,<\/p>\n\n\n\n<p>zde najdete odkazy na e shop produkt\u016f kter\u00e9 nej\u010dast\u011bji pou\u017e\u00edv\u00e1m. M\u016f\u017eete si po kliknut\u00ed na odkazy p\u0159\u00edmo objednat, doporu\u010duji v\u0161ak <strong><em><mark style=\"background-color:rgba(0, 0, 0, 0)\" class=\"has-inline-color has-blue-color\">konzultaci kter\u00e1 je k uveden\u00fdm produkt\u016fm zdarma. <\/mark><\/em><\/strong>V\u0161echny produkty kter\u00e9 zde najdete jsou 100% p\u0159\u00edrodn\u00ed a v\u011bt\u0161inu z nich (krom\u011b Bramd shop u Zinzino) b\u011b\u017en\u011b pou\u017e\u00edv\u00e1me doma i u m\u00fdch klient\u016f<\/p>\n\n\n\n<p>Nejv\u00edce u\u017e\u00edv\u00e1m a doporu\u010duji produkty firmy <mark style=\"background-color:rgba(0, 0, 0, 0)\" class=\"has-inline-color has-blue-color\"><strong>ZINZINO<\/strong><\/mark>,<\/p>\n\n\n\n<p>p\u0159ev\u00e1\u017en\u011b <strong>Balanc olej s omega 3<\/strong> nebo kvalitn\u00ed vl\u00e1knina <strong>Zinobiotic<\/strong>, nebo multifunk\u010dn\u00ed dopln\u011bk miner\u00e1l\u016f a vitam\u00edn\u016f <strong>X tend<\/strong>&#8230; Je tam toho i v\u00edc ale s t\u011bmi pracuji nej\u010dast\u011bji.<\/p>\n\n\n\n<p>Fifma ZINZINO m\u00e1 ve\u0161ker\u00e9 produkty podlo\u017een\u00e9 v\u011bdou a ur\u010dit\u011b V\u00e1m daj\u00ed v\u00edc ne\u017e o\u010dek\u00e1v\u00e1te. \u00da\u010dinky u\u017e\u00edv\u00e1n\u00ed produkt\u016f je mo\u017en\u00e9 si otestovat Z VLASTN\u00cd KAPKY KRVE. JSOU TO DOPLNKY STRAVY ZALO\u017dEN\u00c9 NA MO\u017dNOSTI TESTOV\u00c1N\u00cd, ZDA V\u00c1M FUNGUJ\u00cd<\/p>\n\n\n\n<p>Nenakupijete tak produkty u kter\u00fdch nev\u00edte co V\u00e1m d\u011blaj\u00ed v t\u011ble.<\/p>\n\n\n\n<p>Pro prvn\u00ed<em><strong> zku\u0161ebn\u00ed n\u00e1kup<\/strong><\/em> je zde link<\/p>\n\n\n\n<p> <a href=\"https:\/\/www.zinzino.com\/2012854308\">https:\/\/www.zinzino.com\/2012854308<\/a> v li\u0161t\u011b OBCHOD najdete v\u0161echny produkty. Doporu\u010duji uva\u017eovat o v\u00fdhod\u00e1ch p\u0159edplatn\u00e9ho, z\u00edsk\u00e1tetak okam\u017eitou slevu 30% a mnoho jin\u00fdch v\u00fdhod. Doporu\u010duji proto p\u0159ed n\u00e1kupem konzultaci se mnou.<\/p>\n\n\n\n<figure class=\"wp-block-image size-full\"><a href=\"https:\/\/samouzdraveni.cz\/wp-content\/uploads\/2023\/01\/obrazek-1.png\"><img loading=\"lazy\" decoding=\"async\" width=\"379\" height=\"91\" src=\"https:\/\/samouzdraveni.cz\/wp-content\/uploads\/2023\/01\/obrazek-1.png\" alt=\"\" class=\"wp-image-2528\"\/><\/a><\/figure>\n\n\n\n<p><strong><em>PRO PREMIER CENY<\/em><\/strong> (s p\u0159eplatn\u00fdm) jsou linky zde:<\/p>\n\n\n\n<figure class=\"wp-block-image size-full is-resized\"><a href=\"https:\/\/samouzdraveni.cz\/wp-content\/uploads\/2025\/07\/oLA-TEST.png\"><img loading=\"lazy\" decoding=\"async\" width=\"560\" height=\"560\" src=\"https:\/\/samouzdraveni.cz\/wp-content\/uploads\/2025\/07\/oLA-TEST.png\" alt=\"\" class=\"wp-image-3014\" style=\"width:412px;height:auto\" srcset=\"https:\/\/samouzdraveni.cz\/wp-content\/uploads\/2025\/07\/oLA-TEST.png 560w, https:\/\/samouzdraveni.cz\/wp-content\/uploads\/2025\/07\/oLA-TEST-53x53.png 53w\" sizes=\"auto, (max-width: 560px) 100vw, 560px\" \/><\/a><\/figure>\n\n\n\n<p>P\u0158EDPLATN\u00c9 NA OLEJ S TESTY <a href=\"https:\/\/www.zinzino.com\/shop\/2012854308\/CZ\/cs-CZ\/ShareCart\/OpenCart\/10552d2a-b099-46af-b183-47bbb225a2ce\">https:\/\/www.zinzino.com\/shop\/2012854308\/CZ\/cs-CZ\/ShareCart\/OpenCart\/10552d2a-b099-46af-b183-47bbb225a2ce<\/a><\/p>\n","protected":false},"excerpt":{"rendered":"<p>Moji mil\u00ed E SHOP JE VE V\u00ddSTAVB\u011a ZAT\u00cdM NEN\u00cd KOMPLETN\u00cd, zde najdete odkazy na e shop produkt\u016f kter\u00e9 nej\u010dast\u011bji pou\u017e\u00edv\u00e1m. M\u016f\u017eete si po kliknut\u00ed na odkazy p\u0159\u00edmo objednat, doporu\u010duji v\u0161ak konzultaci kter\u00e1 je k uveden\u00fdm produkt\u016fm zdarma. V\u0161echny produkty kter\u00e9 &hellip; <a href=\"https:\/\/samouzdraveni.cz\/?page_id=2295\">Cel\u00fd p\u0159\u00edsp\u011bvek <span class=\"meta-nav\">&rarr;<\/span><\/a><\/p>\n","protected":false},"author":3,"featured_media":0,"parent":0,"menu_order":0,"comment_status":"closed","ping_status":"closed","template":"","meta":{"footnotes":""},"class_list":["post-2295","page","type-page","status-publish","hentry"],"_links":{"self":[{"href":"https:\/\/samouzdraveni.cz\/index.php?rest_route=\/wp\/v2\/pages\/2295","targetHints":{"allow":["GET"]}}],"collection":[{"href":"https:\/\/samouzdraveni.cz\/index.php?rest_route=\/wp\/v2\/pages"}],"about":[{"href":"https:\/\/samouzdraveni.cz\/index.php?rest_route=\/wp\/v2\/types\/page"}],"author":[{"embeddable":true,"href":"https:\/\/samouzdraveni.cz\/index.php?rest_route=\/wp\/v2\/users\/3"}],"replies":[{"embeddable":true,"href":"https:\/\/samouzdraveni.cz\/index.php?rest_route=%2Fwp%2Fv2%2Fcomments&post=2295"}],"version-history":[{"count":4,"href":"https:\/\/samouzdraveni.cz\/index.php?rest_route=\/wp\/v2\/pages\/2295\/revisions"}],"predecessor-version":[{"id":3025,"href":"https:\/\/samouzdraveni.cz\/index.php?rest_route=\/wp\/v2\/pages\/2295\/revisions\/3025"}],"wp:attachment":[{"href":"https:\/\/samouzdraveni.cz\/index.php?rest_route=%2Fwp%2Fv2%2Fmedia&parent=2295"}],"curies":[{"name":"wp","href":"https:\/\/api.w.org\/{rel}","templated":true}]}}