{"id":445,"date":"2014-01-02T19:49:43","date_gmt":"2014-01-02T19:49:43","guid":{"rendered":"http:\/\/samouzdraveni.cz\/?page_id=445"},"modified":"2021-09-19T19:09:36","modified_gmt":"2021-09-19T19:09:36","slug":"osvedcene-rady","status":"publish","type":"page","link":"https:\/\/samouzdraveni.cz\/?page_id=445","title":{"rendered":"Osv\u011bd\u010den\u00e9 rady &#8211; archiv"},"content":{"rendered":"<p>Na t\u011bchto str\u00e1nk\u00e1ch bych V\u00e1m cht\u011bla uk\u00e1zat p\u00e1r tip\u016f a rad jak si \u0161et\u0159it zdrav\u00ed a nav\u00edc mo\u017en\u00e1 i \u0161et\u0159it pen\u00edze a na\u0161i p\u0159\u00edrodu.<\/p>\n<p>Jestli m\u00e1te z\u00e1jem n\u011bco Va\u0161eho u\u017eite\u010dn\u00e9ho sd\u011blit ostatn\u00edm, tak zde zanechte p\u0159\u00edsp\u011bvek. D\u011bkuji V\u00e1m za V\u00e1\u0161 z\u00e1jem a ochotu pod\u011blit se s osv\u011bd\u010den\u00fdmi zku\u0161enostmi, a poskytnout je ostatn\u00edm.<\/p>\n<p>&nbsp;<\/p>\n<ul>\n<li>Zkuste pou\u017e\u00edvat <strong><span style=\"color: #008000;\">m\u00edsto oplachovac\u00edho prost\u0159edku (le\u0161tidla) do my\u010dky<\/span><\/strong> vyma\u010dkan\u00e9 p\u016flky citr\u00f3n\u016f, kter\u00e9 V\u00e1m doma zbydou po pou\u017eit\u00ed nap\u0159. kdy\u017e si je vyma\u010dk\u00e1te do \u010daje. Na cca 5 myt\u00ed sta\u010d\u00ed tak 2 p\u016flky (jeden citron). Ur\u010dit\u011b citrony pou\u017e\u00edv\u00e1te, tak v\u017edy, kdy\u017e je chcete vyhodit, tak m\u00edsto toho je nap\u00edchn\u011bte na kol\u00ed\u010dek v my\u010dce a nechte je tam tak dlouho, a\u017e z\u016fstane jen tenk\u00e1 slupka (po n\u011bkolika myt\u00edch), pak ho nahra\u010fte nov\u00fdm. M\u016f\u017eete jich m\u00edt v my\u010dce i v\u00edce ne\u017e jeden.&nbsp; Budete p\u0159ekvapeni, jak kr\u00e1sn\u00e9 lesknouc\u00ed n\u00e1dob\u00ed z\u00edsk\u00e1te a nav\u00edc nebudete j\u00edst tenzidy. Pou\u017e\u00edv\u00e1me to doma u\u017e n\u011bkolik let a do my\u010dky d\u00e1v\u00e1me jen pr\u00e1\u0161ek.<\/li>\n<\/ul>\n<ul>\n<li>Kdy\u017e chcete m\u00edt jistotu, \u017ee se V\u00e1m p\u0159i pe\u010den\u00ed <strong><span style=\"color: #008000;\">nebude olej p\u0159epalovat,<\/span><\/strong> tak do n\u011bj p\u0159idejte mal\u00fd kousek s\u00e1dla &#8211; ten zabr\u00e1n\u00ed p\u0159epalov\u00e1n\u00ed jak\u00e9hokoliv oleje.<\/li>\n<\/ul>\n<ul>\n<li>Jestli <strong><span style=\"color: #008000;\">milujete sladkosti a cukr<\/span> <\/strong>a nedok\u00e1\u017eete je omezit nebo Va\u0161e d\u011bti po\u0159\u00e1d vy\u017eaduj\u00ed sladk\u00e9 nau\u010dte se pou\u017e\u00edvat m\u00edsto sladk\u00e9ho med. Nen\u00ed kyselinotvorn\u00fd, nav\u00edc m\u00e1 spoustu \u00fa\u017easn\u00fdch a zdrav\u00fdch komponent. Po \u010dase dokonce omezuje chut\u011b na sladk\u00e9. Dokonce alergici, kt\u011b\u0159\u00ed jsou alergi\u010dt\u00ed na pyly, pokud budou konzumovat med z jejich okol\u00ed tak se mohou po p\u00e1r letech alergie \u00fapln\u011b zbavit, ale mus\u00ed pou\u017e\u00edvat med z okol\u00ed (je to takov\u00e1 p\u0159\u00edrodn\u00ed vakcinace :)). Net\u00fdk\u00e1 se to ale alergik\u016f, na v\u010del\u00ed produkty tam to tak nefunguje proto pozor, mus\u00edte v\u011bd\u011bt na co jste alergi\u010dt\u00ed.<\/li>\n<\/ul>\n<ul>\n<li>Zkuste <strong><span style=\"color: #008000;\">na vysokou hore\u010dku<\/span><\/strong> pou\u017e\u00edt ostru\u017einov\u00fd kompot (sr\u00e1\u017e\u00ed hore\u010dku na cca p\u016fl hodiny a\u017e hodinu u\u017e za asi 20 minut od po\u017eit\u00ed ) nav\u00edc v\u0161em chutn\u00e1. Kdy\u017e si uv\u011bdom\u00edte, \u017ee hore\u010dka b\u00fdv\u00e1 nejvy\u0161\u0161\u00ed mezi 19 &#8211; 22 hod. tak to ani nemus\u00edte moc dlouho hl\u00eddat. Jestli si to chcete je\u0161t\u011b homeopaticky pojistit, koukn\u011bte do miniporadny tam m\u00e1te v\u0161e co o tom v\u00edm a je to zaj\u00edmav\u00e9.<\/li>\n<\/ul>\n<ul>\n<li>Doporu\u010duji v\u0161em kdo m\u00e1 z\u00e1jem si levn\u011b a hlavn\u011b bezpe\u010dne (celkem p\u0159\u00edrodn\u011b) <strong><span style=\"color: #008000;\">doplnit j\u00f3d<\/span><\/strong> a\u0165 j\u00ed <strong><span style=\"color: #008000;\">aronie<\/span><\/strong> (\u010dern\u00fd je\u0159\u00e1b). Pom\u016f\u017eou V\u00e1m nejenom s jodem maj\u00ed V\u00e1m hodn\u011b co nab\u00eddnout.&nbsp; Aronie n\u011bjak\u00fdm z\u00e1hadn\u00fdm zp\u016fsobem obsahuje j\u00f3d i kdy\u017e roste na p\u016fd\u00e1ch kter\u00e9 j\u00f3d neobsahuj\u00ed, (aronie o tom nev\u00ed, \u017ee by ho vlastn\u011b nem\u011bla m\u00edt a tak j\u00f3d obsahuje :))&nbsp; Nebo si kupte <strong><span style=\"color: #008000;\">Jodamin<\/span><\/strong> je to pangamin s jodem &#8211; pivovarsk\u00e9 kvasnice odchovan\u00e9 na substr\u00e1tu obohacen\u00e9m jodem tak\u017ee ceklem p\u0159\u00edrodn\u00ed produkt v na\u0161ich podm\u00ednk\u00e1ch kde m\u00e1me j\u00f3du opravdu m\u00e1lo.<\/li>\n<\/ul>\n<ul>\n<li>Vyzkou\u0161ejte doma na <strong><span style=\"color: #008000;\">\u010di\u0161t\u011bn\u00ed umyvadel a bateri\u00ed&nbsp;<\/span><\/strong> pou\u017e\u00edt <strong><span style=\"color: #008000;\">jedlou sodu<\/span><\/strong> sta\u010d\u00ed umyvadlo a baterii navlh\u010dit, na houbi\u010dku nasypat sodu, pot\u0159\u00edt houbi\u010dkou umyvadlo a baterii po\u010dkat cca 30 sekund a opl\u00e1chnout v\u0161e vodou. Budete velice prekvapen\u00ed jak kr\u00e1sn\u011b se V\u00e1m povedlo odstranit v\u0161echny ne\u010distoty. Pou\u017e\u00edvejte sodu i do pra\u010dky a u\u0161et\u0159\u00edte polovinu prac\u00edho pr\u00e1\u0161ku. Nac\u00edc bude pr\u00e1dlo l\u00e9pe vypran\u00e9.<\/li>\n<\/ul>\n<ul>\n<li>Jak jednodu\u0161e <strong><span style=\"color: #008000;\">o\u010distit ovoce od chemik\u00e1li\u00ed<\/span><\/strong>&#8230;.<span style=\"text-decoration: underline;\">&nbsp;<\/span><br \/>\nNapl\u0148te d\u0159ez vodou, p\u0159idejte \u0161\u00e1lek octa a ovoce a zam\u00edchejte.<br \/>\nNechte st\u00e1t 10 minut.<br \/>\nVoda bude \u0161pinav\u00e1 a ovoce se bude jisk\u0159it, bude bez vosku, nebo \u0161pinav\u00e9ho filmu.<br \/>\nJe to dobr\u00e9 tak\u00e9 pro bobule, nebo\u0165 nebudou tak plesniv\u011bt.<br \/>\nKdy\u017e to ud\u011bl\u00e1te s jahodami, tak v\u00e1m vydr\u017e\u00ed t\u00fddny..<\/li>\n<\/ul>\n<p>&nbsp;<\/p>\n<p>&#8212;&#8212;&#8212;&#8212;&#8212;&#8212;&#8212;&#8212;&#8212;&#8212;&#8212;&#8212;&#8212;&#8212;&#8212;&#8212;&#8212;&#8212;&#8212;&#8212;&#8212;&#8212;&#8212;-<\/p>\n<ul>\n<li>Je dobr\u00e9 m\u00edt doma&nbsp;<span style=\"color: #008000;\"><strong>aktivn\u00ed adsorb\u010dn\u00ed uhl\u00ed<\/strong><\/span> hod\u00ed se na mnoho v\u011bc\u00ed. (V \u010cech\u00e1ch jsme sp\u00ed\u0161e zvykl\u00ed na \u017eivo\u010di\u0161n\u00e9 uhl\u00ed.)<br \/>\nV na\u0161\u00ed rodin\u011b se pou\u017e\u00edvalo l\u00e9ta (ne\u017e ho nahradila chlorella) na pr\u016fjmy a men\u0161\u00ed otravy. Je to vynikaj\u00edc\u00ed \u010dist\u00edc\u00ed prost\u0159edek t\u011bla, je protijed p\u0159i otrav\u00e1ch, jako \u010disti\u010d b\u011bhem infekc\u00ed, na metabolick\u00e9 poruchy i na odstra\u0148ov\u00e1n\u00ed toxin\u016f z&nbsp;krve p\u0159i jatern\u00edch a ledvinov\u00fdch chorob\u00e1ch. Je \u00fa\u010dinnou prevenci proti st\u0159evn\u00edm infekc\u00edm.<br \/>\nZrn\u00ed\u010dka aktivn\u00edho uhl\u00ed maj\u00ed mnoho ploch slou\u017e\u00edc\u00edch k adsorpci l\u00e1tek, plyn\u016f, ciz\u00edch protein\u016f, t\u011blesn\u00e9ho odpadu, chemick\u00fdch l\u00e1tek a l\u00e9k\u016f r\u016fzn\u00e9ho druhu. Celkov\u00e1 \u010dist\u00edc\u00ed plocha adsorp. uhl\u00ed se stranou 1 cm je 1000m!&nbsp; Je mo\u017en\u00e9 ho pou\u017e\u00edt vnit\u0159n\u011b i z venku a to od v\u010del\u00edho bodnut\u00ed a\u017e po metabolick\u00e9 pot\u00ed\u017ee jako je nap\u0159. novorozeneck\u00e1 \u017eloutenka nebo alergick\u00e9 reakce na jedovat\u00e9 rostliny.<em>L\u00e1tky, ze kter\u00fdch se adsorp\u010dn\u00ed uhl\u00ed vyr\u00e1b\u00ed<\/em><br \/>\nAdsorp. uhl\u00ed vyroben\u00e9 z&nbsp;rostlinn\u00e9ho materi\u00e1lu, nap\u0159. ovocn\u00e9ho d\u0159eva obsahuje asi 90% uhl\u00edku. Naproti tomu uhl\u00ed ze zv\u00ed\u0159ec\u00edch kost\u00ed obsahuje asi jen 11% uhl\u00edku.<br \/>\nVyr\u00e1b\u00ed se regulovan\u00fdm spalov\u00e1n\u00edm d\u0159eva, a n\u00e1slednou aktivac\u00ed (nap\u0159. p\u00e1rou). Takov\u00fd proces zvy\u0161uje adsorp\u010dn\u00ed \u00fa\u010dinnost. Vytv\u00e1\u0159\u00ed se toti\u017e rozs\u00e1h\u00e1 s\u00ed\u0165 drobn\u00fdch p\u00f3r\u016f.<br \/>\nTablety, z l\u00e9k\u00e1ren jsou v&nbsp;porovn\u00e1n\u00ed s&nbsp;jemn\u011b drcen\u00fdm uhl\u00edm asi o polovinu m\u00e9n\u011b \u00fa\u010dinn\u00e9, nav\u00edc je tam \u0161krob a jin\u00e9 l\u00e1tky pou\u017eit\u00e9 na stmelen\u00ed tablety.<br \/>\nD\u0159ev\u011bn\u00e9 uhl\u00ed prod\u00e1van\u00e9 na grilov\u00e1n\u00ed nen\u00ed vhodn\u00fdm zdrojem na v\u00fdrobu adsorp. uhl\u00ed, proto\u017ee p\u0159i jeho v\u00fdrob\u011b se pou\u017e\u00edvaj\u00ed ne\u017e\u00e1douc\u00ed druhy v\u00fdpl\u0148ov\u00e9ho materi\u00e1lu a chemick\u00e9 l\u00e1tky zabezpe\u010duj\u00edc\u00ed rychl\u00e9 zap\u00e1len\u00ed.<\/li>\n<li><em><strong>V\u00fdroba adsorb\u010dn\u00edho uhl\u00ed<\/strong><\/em><br \/>\n1. ZP\u016eSOB:V krbu p\u0159ez noc zatopit tvrd\u00fdm d\u0159evem a st\u00e1hnout v\u0161echny pr\u016fduchy na minimum. R\u00e1no zbyl\u00e9 uhl\u00edky vyndat, spa\u0159it (aktivovat horkou vodou) a uhl\u00ed rozdrtit a dosu\u0161it v troub\u011b na max. teplot\u011b. Ulo\u017eit v uzav\u0159en\u00e9 n\u00e1dob\u011b.2. ZP\u016eSOB:Vykopat j\u00e1mu, nalo\u017eit do n\u00ed tvrd\u00e9 d\u0159evo a zap\u00e1lit. A\u017e bude dostate\u010dn\u011b ho\u0159et, tak p\u0159ikr\u00fdt travn\u00edmi drny a nechat doho\u0159et. Pak aktivovat horkou vodou a rozdrtit a dosu\u0161it v troub\u011b na max. teplot\u011b. Ulo\u017eit v uzav\u0159en\u00e9 n\u00e1dob\u011b.<\/li>\n<li><em>Reakce adsorp\u010dn\u00edho uhl\u00ed v&nbsp;tr\u00e1vic\u00edm traktu<\/em><br \/>\nrychlost&nbsp;&nbsp;&nbsp; adsorpce&nbsp; na povrchu \u2013 u\u017e&nbsp; do 1 minuty. Ve st\u0159evu nebo \u017ealudku se adsorpce m\u016f\u017ee trochu opozdit, i tak v\u0161ak p\u016fsob\u00ed velmi rychle. Adsorp. uhl\u00ed tvo\u0159\u00ed s&nbsp;toxick\u00fdmi l\u00e1tkami pevn\u00fd a stabiln\u00ed komplex. Toto uhl\u00ed neadsorbuje \u017eiviny, nezp\u016fsobuje jejich ztr\u00e1tu.<br \/>\nAdsorp. uhl\u00ed skladujte ve vzduchot\u011bsn\u00fdch nejl\u00e9pe sklen\u011bn\u00fdch n\u00e1dob\u00e1ch, aby neadsorbovalo plyny z&nbsp;ovzdu\u0161\u00ed a tak se neznehodnotilo. V&nbsp;uzav\u0159en\u00e9 n\u00e1dob\u011b m\u016f\u017ee udr\u017eet svou \u00fa\u010dinnost a\u017e na neur\u010ditou dobu. Aktivovan\u00e9 adsorp.uhl\u00ed \u010dlov\u011bk velmi dob\u0159e sn\u00e1\u0161\u00ed, dokonce i v&nbsp;mno\u017estv\u00ed 100g (asi t\u0159i\u010dtvrt\u011b \u0161\u00e1lku jemn\u011b rozdrcen\u00e9ho pr\u00e1\u0161ku!) . \u00da\u010dinkuje okam\u017eit\u011b a bezpe\u010dn\u011b,&nbsp; mohou ho pod\u00e1vat i neprofesion\u00e1lov\u00e9. Mal\u00fdm d\u011btem a d\u011btem v&nbsp;kojeneck\u00e9m v\u011bku je mo\u017en\u00e9 d\u00e1t pr\u00e1\u0161kov\u00e9 aktivovan\u00e9 uhl\u00ed v&nbsp;podob\u011b \u0159\u00eddk\u00e9 ka\u0161e. P\u0159i pou\u017eit\u00ed uhl\u00ed neexistuj\u00ed \u017e\u00e1dn\u00e9 zn\u00e1m\u00e9 kontraindikace, krom\u011b podr\u00e1\u017ed\u011bn\u00ed st\u0159eva u n\u011bkter\u00fdch z\u00e1n\u011btliv\u00fdch proces\u016f velmi citliv\u00fdch osob. \u017d\u00e1dn\u00e9 alergie na tento prost\u0159edek nebyly zji\u0161t\u011bny.&nbsp;&nbsp; &nbsp; &nbsp; &nbsp; &nbsp; &nbsp; &nbsp; &nbsp; &nbsp; &nbsp; &nbsp; &nbsp; &nbsp; &nbsp; &nbsp; &nbsp;&nbsp;&nbsp;&nbsp;&nbsp;&nbsp;&nbsp;&nbsp;&nbsp;&nbsp;&nbsp;&nbsp;&nbsp;&nbsp;&nbsp;&nbsp;&nbsp;&nbsp;&nbsp;&nbsp;&nbsp;&nbsp;&nbsp;&nbsp;&nbsp;&nbsp;&nbsp;&nbsp;&nbsp;&nbsp;&nbsp;&nbsp;&nbsp;&nbsp;&nbsp; &nbsp; &nbsp; &nbsp; &nbsp; &nbsp; &nbsp; &nbsp; &nbsp; &nbsp; &nbsp; &nbsp; &nbsp; &nbsp; &nbsp; &nbsp; &nbsp; &nbsp; &nbsp; &nbsp; &nbsp; &nbsp; &nbsp; &nbsp; &nbsp; &nbsp; &nbsp;&nbsp; &nbsp; &nbsp; &nbsp;&nbsp;&nbsp;&nbsp;&nbsp;&nbsp; Nejjednodu\u0161\u0161\u00ed zp\u016fsob u\u017e\u00edv\u00e1n\u00ed je po\u017eit\u00ed p\u0159\u00edmo a zapit\u00ed vodou, nebo nasyp\u00e1n\u00ed do konve (cca 1 l\u017e\u00edce na 1,5 l vody) zam\u00edchat a vodu p\u00edt d\u00e1 se po vypit\u00ed vody n\u00e1doba je\u0161t\u011b nejm\u00e9n\u011b 5 dn\u016f neust\u00e1le dopl\u0148ovat vodou a p\u00edt ze stejn\u00fdm uhl\u00edm. Je mo\u017en\u00e9 po vypit\u00ed vody po 5 dnech uhl\u00ed sn\u00edst &#8211; je\u0161t\u011b po\u0159\u00e1d je aktivn\u00ed.<\/li>\n<\/ul>\n<p>&nbsp;<\/p>\n","protected":false},"excerpt":{"rendered":"<p>Na t\u011bchto str\u00e1nk\u00e1ch bych V\u00e1m cht\u011bla uk\u00e1zat p\u00e1r tip\u016f a rad jak si \u0161et\u0159it zdrav\u00ed a nav\u00edc mo\u017en\u00e1 i \u0161et\u0159it pen\u00edze a na\u0161i p\u0159\u00edrodu. Jestli m\u00e1te z\u00e1jem n\u011bco Va\u0161eho u\u017eite\u010dn\u00e9ho sd\u011blit ostatn\u00edm, tak zde zanechte p\u0159\u00edsp\u011bvek. D\u011bkuji V\u00e1m za V\u00e1\u0161 &hellip; <a href=\"https:\/\/samouzdraveni.cz\/?page_id=445\">Cel\u00fd p\u0159\u00edsp\u011bvek <span class=\"meta-nav\">&rarr;<\/span><\/a><\/p>\n","protected":false},"author":3,"featured_media":0,"parent":2,"menu_order":0,"comment_status":"closed","ping_status":"closed","template":"","meta":{"footnotes":""},"class_list":["post-445","page","type-page","status-publish","hentry"],"_links":{"self":[{"href":"https:\/\/samouzdraveni.cz\/index.php?rest_route=\/wp\/v2\/pages\/445","targetHints":{"allow":["GET"]}}],"collection":[{"href":"https:\/\/samouzdraveni.cz\/index.php?rest_route=\/wp\/v2\/pages"}],"about":[{"href":"https:\/\/samouzdraveni.cz\/index.php?rest_route=\/wp\/v2\/types\/page"}],"author":[{"embeddable":true,"href":"https:\/\/samouzdraveni.cz\/index.php?rest_route=\/wp\/v2\/users\/3"}],"replies":[{"embeddable":true,"href":"https:\/\/samouzdraveni.cz\/index.php?rest_route=%2Fwp%2Fv2%2Fcomments&post=445"}],"version-history":[{"count":26,"href":"https:\/\/samouzdraveni.cz\/index.php?rest_route=\/wp\/v2\/pages\/445\/revisions"}],"predecessor-version":[{"id":2022,"href":"https:\/\/samouzdraveni.cz\/index.php?rest_route=\/wp\/v2\/pages\/445\/revisions\/2022"}],"up":[{"embeddable":true,"href":"https:\/\/samouzdraveni.cz\/index.php?rest_route=\/wp\/v2\/pages\/2"}],"wp:attachment":[{"href":"https:\/\/samouzdraveni.cz\/index.php?rest_route=%2Fwp%2Fv2%2Fmedia&parent=445"}],"curies":[{"name":"wp","href":"https:\/\/api.w.org\/{rel}","templated":true}]}}