{"id":470,"date":"2014-01-28T10:19:27","date_gmt":"2014-01-28T10:19:27","guid":{"rendered":"http:\/\/samouzdraveni.cz\/?page_id=470"},"modified":"2021-09-19T19:05:11","modified_gmt":"2021-09-19T19:05:11","slug":"kvalitni-domaci-kosmetika","status":"publish","type":"page","link":"https:\/\/samouzdraveni.cz\/?page_id=470","title":{"rendered":"Recept na Kvalitn\u00ed dom\u00e1c\u00ed kosmetiku"},"content":{"rendered":"<p>Jsem z rodiny, kde se kosmetika vyr\u00e1b\u011bla n\u011bkolik stolet\u00ed.<\/p>\n<p>Dlouho to bylo na s\u00e1dlov\u00e9m z\u00e1kladu. D\u00edky nov\u00e9 dob\u011b a mo\u017enostem jsem v na\u0161\u00ed rodin\u011b za\u010dala vym\u00fd\u0161let a pou\u017e\u00edvat sp\u00ed\u0161e rostlinn\u00e9 oleje a m\u00e1sla, esenci\u00e1ln\u00ed olej\u00ed\u010dky&#8230;.<\/p>\n<p>Byla jsem v Tunisu kde jsem se u\u010dila destilovat esenci\u00e1ln\u00ed oleje a n\u011bkolik <span style=\"color: #008080;\"><strong><em>desetilet\u00ed si vyr\u00e1b\u00edm svoji kosmetiku na m\u00edru, dle ro\u010dn\u00edch obdob\u00ed. <\/em><\/strong><\/span><\/p>\n<p><span style=\"color: #000000;\"><strong><em>Nav\u00edc jsem zjistila, \u017ee moje t\u011blo jinou ne\u017e<\/em><\/strong><\/span><span style=\"color: #008080;\"><strong><em> moj\u00ed jedlou kosmetiku <span style=\"color: #000000;\">nechce, tak\u017ee si d\u011bl\u00e1m \u00fapln\u011b v\u0161e co <\/span><\/em><span style=\"color: #000000;\"><em>pot\u0159ebuji <\/em><\/span><\/strong><span style=\"color: #000000;\">(zubn\u00ed pastu, \u0161ampony, kr\u00e9m, olej repelent, pom\u00e1du&#8230;)<\/span><strong><em><br \/>\n<\/em><\/strong><\/span><\/p>\n<p><span style=\"color: #008080;\"><span style=\"color: #000000;\">Pokud budete cht\u00edt poradit zavolejte mi r\u00e1da V\u00e1m pomohu.<\/span><\/span><\/p>\n<p>Jestli si chcete zkusit sami vyrobit kr\u00e9m na obli\u010dej, tak z\u00e1kladn\u00ed verzi m\u00e1te zde:<\/p>\n<h3>Dom\u00e1c\u00ed bylinkov\u00fd kr\u00e9m<\/h3>\n<div><a title=\"Dom\u00e1c\u00ed bylinkov\u00fd kr\u00e9m podle Adri\u00e1ny Ka\u0161parov\u00e9\" href=\"http:\/\/img.ceskatelevize.cz\/program\/porady\/10744345634\/foto09\/2734_01.jpg\" target=\"_blank\" rel=\"lightbox noopener noreferrer\"><img loading=\"lazy\" decoding=\"async\" src=\"http:\/\/img.ceskatelevize.cz\/program\/porady\/10744345634\/foto09\/m_2734_01.jpg\" alt=\"Dom\u00e1c\u00ed bylinkov\u00fd kr\u00e9m podle Adri\u00e1ny Ka\u0161parov\u00e9\" width=\"162\" height=\"121\" border=\"0\"><\/a><a title=\"Dom\u00e1c\u00ed bylinkov\u00fd kr\u00e9m podle Adri\u00e1ny Ka\u0161parov\u00e9\" href=\"http:\/\/img.ceskatelevize.cz\/program\/porady\/10744345634\/foto09\/2734_02.jpg\" target=\"_blank\" rel=\"lightbox noopener noreferrer\"><img loading=\"lazy\" decoding=\"async\" src=\"http:\/\/img.ceskatelevize.cz\/program\/porady\/10744345634\/foto09\/m_2734_02.jpg\" alt=\"Dom\u00e1c\u00ed bylinkov\u00fd kr\u00e9m podle Adri\u00e1ny Ka\u0161parov\u00e9\" width=\"162\" height=\"121\" border=\"0\"><\/a><a title=\"Dom\u00e1c\u00ed bylinkov\u00fd kr\u00e9m podle Adri\u00e1ny Ka\u0161parov\u00e9\" href=\"http:\/\/img.ceskatelevize.cz\/program\/porady\/10744345634\/foto09\/2734_03.jpg\" target=\"_blank\" rel=\"lightbox noopener noreferrer\"><img loading=\"lazy\" decoding=\"async\" src=\"http:\/\/img.ceskatelevize.cz\/program\/porady\/10744345634\/foto09\/m_2734_03.jpg\" alt=\"Dom\u00e1c\u00ed bylinkov\u00fd kr\u00e9m podle Adri\u00e1ny Ka\u0161parov\u00e9\" width=\"162\" height=\"121\" border=\"0\"><\/a><\/div>\n<p>Uveden\u00e1 mno\u017estv\u00ed jsou pouze orienta\u010dn\u00ed, doporu\u010duji uzp\u016fsobit mno\u017estv\u00ed dle sv\u00fdch pot\u0159eb \u2013 nap\u0159. podle toho, chcete-li kr\u00e9m tu\u017e\u0161\u00ed nebo \u0159id\u0161\u00ed.<\/p>\n<p>100 g bambuck\u00e9ho m\u00e1sla velice kvalitn\u00ed najdete zde: <a href=\"https:\/\/www.zdravizafriky.cz\/ciste-bambucke-maslo\/\">https:\/\/www.zdravizafriky.cz\/ciste-bambucke-maslo\/<\/a><br \/>\n3 g kakaov\u00e9ho m\u00e1sla<br \/>\n3 g v\u010del\u00edho vosku (nejl\u00e9pe vy\u010di\u0161t\u011bn\u00e9ho) nemus\u00ed tam b\u00fdt<br \/>\n20 g mandlov\u00e9ho oleje<br \/>\n10 g konopn\u00e9ho oleje<br \/>\n5 g libovoln\u00e9ho jin\u00e9ho oleje nap\u0159. z obiln\u00fdch kl\u00ed\u010dk\u016f, arganov\u00e9ho oleje apod.<\/p>\n<p>Esenci\u00e1ln\u00ed olej\u00ed\u010dky si p\u0159idejte podle toho, co v\u00e1m von\u00ed (\u0161alv\u011bj, levandule, r\u016f\u017ee, mandarinka, pelargonie, jalovec\u2026), max. v\u0161ak 10 kapek na cel\u00e9 mno\u017estv\u00ed. Oleje je mo\u017eno r\u016fzn\u011b kombinovat, nedoporu\u010duji v\u00edce ne\u017e 5&nbsp;r\u016fzn\u00fdch druh\u016f olej\u00ed\u010dk\u016f.<\/p>\n<p>Nejprve rozeh\u0159ejeme na vodn\u00ed l\u00e1zni vosk (je mo\u017en\u00e9 ho vynechat), aby se n\u00e1m roztekl, pak do n\u011bj p\u0159id\u00e1me kakaov\u00e9 a bambuck\u00e9 m\u00e1slo a po\u010dk\u00e1me, a\u017e se v\u0161e rozpust\u00ed, prom\u00edch\u00e1me, p\u0159id\u00e1me uveden\u00e9 oleje a odstav\u00edme z l\u00e1zn\u011b. Nech\u00e1me chv\u00edli vychladnout. Jakmile nen\u00ed kr\u00e9m na dotek hork\u00fd, m\u016f\u017eeme p\u0159ik\u00e1pnout esenci\u00e1ln\u00ed olej\u00ed\u010dky. Kr\u00e9m je hotov, sta\u010d\u00ed ho nal\u00edt do kel\u00edmku a nechat za pokojov\u00e9 teploty ztuhnout, nebo ho m\u016f\u017eete po ztuhnut\u00ed v hrnci&nbsp; vy\u0161lehat do kr\u00e9mov\u00e9 konzistence (budete mo\u017en\u00e1 muset p\u0159idat trochu libovoln\u00e9ho oleje). Pak ho napln\u00edte do kel\u00edmk\u016f.<\/p>\n<p>Adri\u00e1na<\/p>\n","protected":false},"excerpt":{"rendered":"<p>Jsem z rodiny, kde se kosmetika vyr\u00e1b\u011bla n\u011bkolik stolet\u00ed. Dlouho to bylo na s\u00e1dlov\u00e9m z\u00e1kladu. D\u00edky nov\u00e9 dob\u011b a mo\u017enostem jsem v na\u0161\u00ed rodin\u011b za\u010dala vym\u00fd\u0161let a pou\u017e\u00edvat sp\u00ed\u0161e rostlinn\u00e9 oleje a m\u00e1sla, esenci\u00e1ln\u00ed olej\u00ed\u010dky&#8230;. Byla jsem v Tunisu kde &hellip; <a href=\"https:\/\/samouzdraveni.cz\/?page_id=470\">Cel\u00fd p\u0159\u00edsp\u011bvek <span class=\"meta-nav\">&rarr;<\/span><\/a><\/p>\n","protected":false},"author":3,"featured_media":0,"parent":102,"menu_order":0,"comment_status":"closed","ping_status":"closed","template":"","meta":{"footnotes":""},"class_list":["post-470","page","type-page","status-publish","hentry"],"_links":{"self":[{"href":"https:\/\/samouzdraveni.cz\/index.php?rest_route=\/wp\/v2\/pages\/470","targetHints":{"allow":["GET"]}}],"collection":[{"href":"https:\/\/samouzdraveni.cz\/index.php?rest_route=\/wp\/v2\/pages"}],"about":[{"href":"https:\/\/samouzdraveni.cz\/index.php?rest_route=\/wp\/v2\/types\/page"}],"author":[{"embeddable":true,"href":"https:\/\/samouzdraveni.cz\/index.php?rest_route=\/wp\/v2\/users\/3"}],"replies":[{"embeddable":true,"href":"https:\/\/samouzdraveni.cz\/index.php?rest_route=%2Fwp%2Fv2%2Fcomments&post=470"}],"version-history":[{"count":41,"href":"https:\/\/samouzdraveni.cz\/index.php?rest_route=\/wp\/v2\/pages\/470\/revisions"}],"predecessor-version":[{"id":2012,"href":"https:\/\/samouzdraveni.cz\/index.php?rest_route=\/wp\/v2\/pages\/470\/revisions\/2012"}],"up":[{"embeddable":true,"href":"https:\/\/samouzdraveni.cz\/index.php?rest_route=\/wp\/v2\/pages\/102"}],"wp:attachment":[{"href":"https:\/\/samouzdraveni.cz\/index.php?rest_route=%2Fwp%2Fv2%2Fmedia&parent=470"}],"curies":[{"name":"wp","href":"https:\/\/api.w.org\/{rel}","templated":true}]}}