{"id":616,"date":"2014-06-26T07:27:56","date_gmt":"2014-06-26T07:27:56","guid":{"rendered":"http:\/\/samouzdraveni.cz\/?page_id=616"},"modified":"2023-01-16T15:39:49","modified_gmt":"2023-01-16T15:39:49","slug":"zeleny-jecmen","status":"publish","type":"page","link":"https:\/\/samouzdraveni.cz\/?page_id=616","title":{"rendered":"Zelen\u00fd je\u010dmen a chlorella"},"content":{"rendered":"\n<p>Zde je pro V\u00e1s p\u0159ipraven\u00e9 kr\u00e1tk\u00e9 4 minutov\u00e9 video:<\/p>\n\n\n\n<figure class=\"wp-block-embed is-type-video is-provider-youtube wp-block-embed-youtube wp-embed-aspect-16-9 wp-has-aspect-ratio\"><div class=\"wp-block-embed__wrapper\">\n<iframe loading=\"lazy\" title=\"Zelen\u00e9 potraviny mohou b\u00fdt Va\u0161\u00ed 112 kou.\" width=\"640\" height=\"360\" src=\"https:\/\/www.youtube.com\/embed\/GVsCqL_b7N0?feature=oembed\" frameborder=\"0\" allow=\"accelerometer; autoplay; clipboard-write; encrypted-media; gyroscope; picture-in-picture; web-share\" referrerpolicy=\"strict-origin-when-cross-origin\" allowfullscreen><\/iframe>\n<\/div><\/figure>\n\n\n<p>\u00a0<\/p>\n<p>Zelen\u00e1\u010de (zelen\u00e9 potraviny je\u010dmen a chlorella) \u0159e\u0161\u00ed Va\u0161e t\u011blo komplexn\u011b, a proto V\u00e1s m\u016f\u017eou v\u017edy mile p\u0159ekvapit.<\/p>\n<p>Z\u00e1sadn\u00ed je v\u0161ak <strong><em>kvalita<\/em><\/strong> uveden\u00fdch potravin,<em><strong> zku\u0161en\u00e9 veden\u00ed<\/strong> <\/em>p\u0159i jejich u\u017e\u00edv\u00e1n\u00ed a PRAVIDELNOST A MNO\u017dSTV\u00cd. Budu r\u00e1da, kdy\u017e se nech\u00e1te mnou v\u00e9st.<\/p>\n<p><img loading=\"lazy\" decoding=\"async\" class=\"\" src=\"https:\/\/samouzdraveni.cz\/wp-content\/uploads\/2022\/10\/logo_samouzdraveni-\u2013-kopie.jpg\" alt=\"Tento obr\u00e1zek nem\u00e1 vypln\u011bn\u00fd atribut alt; n\u00e1zev souboru je logo_samouzdraveni-%E2%80%93-kopie.jpg.\" width=\"197\" height=\"107\" \/><\/p>\n<p>Zelen\u00e9 potraviny je\u010dmen a chlorella V\u00e1m mohou d\u00e1t v\u0161ak i v\u00edce ne\u017e l\u00e9ta k \u017eivotu. Ur\u010dit\u011b V\u00e1s p\u0159ekvap\u00ed a dostanete v\u00edc ne\u017e jste schopni o\u010dek\u00e1vat.<\/p>\n<p>Pokud \u0159e\u0161\u00edte zdravotn\u00ed pot\u00ed\u017ee a r\u00e1di byste vyzkou\u0161eli zelen\u00e9 potraviny, obra\u0165te se na mne m\u00e1m s nimi v\u00edce ne\u017e 10 let\u00e9 zku\u0161enosti.<\/p>\n<p>M\u016fj telefon: 724658580<\/p>\n<p>&#8212;&#8212;&#8212;&#8212;&#8212;&#8212;&#8212;&#8212;&#8212;&#8212;&#8212;&#8212;&#8212;&#8212;&#8212;&#8212;&#8212;&#8212;&#8212;&#8212;&#8212;&#8212;&#8212;&#8212;&#8212;&#8212;&#8212;&#8212;&#8212;&#8212;&#8212;&#8212;&#8212;&#8212;&#8212;&#8212;&#8211;<\/p>\n<p>Mohou V\u00e1m d\u00e1t v\u0161ak i mnohem v\u00edc &#8211; \u017eivot k l\u00e9t\u016fm.<\/p>\n<h4>Mohou naplnit Va\u0161e dal\u0161\u00ed touhy a sny jako jsou touha po svobod\u011b, ocen\u011bn\u00ed, smysluplnost \u017eivota, pen\u00edze&#8230; Jak je to mo\u017en\u00e9?\u00a0 I vy m\u016f\u017eete u\u010dit lidi j\u00edst kvalitn\u00ed zelen\u00e9 potraviny. Jak na to, se dozv\u00edte zde v kr\u00e1tk\u00e9m 2 minutov\u00e9m videu:<\/h4>\n<div class=\"value style-scope ytcp-video-info\">\n<h4 class=\"label style-scope ytcp-video-info\">Odkaz na video<\/h4>\n<h3 class=\"value style-scope ytcp-video-info\"><span class=\"video-url-fadeable style-scope ytcp-video-info\"><a class=\"style-scope ytcp-video-info\" href=\"https:\/\/youtu.be\/5NQfzyxE3ao\" target=\"_blank\" rel=\"noopener\"> https:\/\/youtu.be\/5NQfzyxE3ao <\/a><\/span><\/h3>\n<div>\u00a0<\/div>\n<\/div>\n<div>\u00a0<\/div>\n<h3>Pokud V\u00e1s to zaujalo bude mi ct\u00ed s V\u00e1mi spolupracovat a ud\u011bl\u00e1m v\u0161e co um\u00edm, aby se V\u00e1m da\u0159ilo. Mo\u017en\u00e1 V\u00e1m p\u0159i rozhodov\u00e1n\u00ed pom\u016f\u017ee posledn\u00ed T\u0159et\u00ed minutov\u00e9 video. A jestli se rozhodnete \u017ee do toho p\u016fjdete. Budu r\u00e1da kdy\u017e to bude se mnou.<\/h3>\n<h4 class=\"label style-scope ytcp-video-info\">Odkaz na video<\/h4>\n<h3 class=\"value style-scope ytcp-video-info\"><span class=\"video-url-fadeable style-scope ytcp-video-info\"><a class=\"style-scope ytcp-video-info\" href=\"https:\/\/youtu.be\/-bqxoHBNrsg\" target=\"_blank\" rel=\"noopener\"> https:\/\/youtu.be\/-bqxoHBNrsg <\/a><\/span><\/h3>\n<h3>M\u016fj telefon: 724658580<\/h3>\n<h3>S l\u00e1skou Adri\u00e1na<\/h3>\n\n\n<figure class=\"wp-block-image size-full is-resized\"><a href=\"https:\/\/samouzdraveni.cz\/wp-content\/uploads\/2022\/10\/logo_samouzdraveni-\u2013-kopie.jpg\"><img loading=\"lazy\" decoding=\"async\" src=\"https:\/\/samouzdraveni.cz\/wp-content\/uploads\/2022\/10\/logo_samouzdraveni-\u2013-kopie.jpg\" alt=\"\" class=\"wp-image-2265\" width=\"190\" height=\"103\" srcset=\"https:\/\/samouzdraveni.cz\/wp-content\/uploads\/2022\/10\/logo_samouzdraveni-\u2013-kopie.jpg 687w, https:\/\/samouzdraveni.cz\/wp-content\/uploads\/2022\/10\/logo_samouzdraveni-\u2013-kopie-620x338.jpg 620w\" sizes=\"auto, (max-width: 190px) 100vw, 190px\" \/><\/a><\/figure>\n\n\n\n<p><\/p>\n","protected":false},"excerpt":{"rendered":"<p>Zde je pro V\u00e1s p\u0159ipraven\u00e9 kr\u00e1tk\u00e9 4 minutov\u00e9 video: \u00a0 Zelen\u00e1\u010de (zelen\u00e9 potraviny je\u010dmen a chlorella) \u0159e\u0161\u00ed Va\u0161e t\u011blo komplexn\u011b, a proto V\u00e1s m\u016f\u017eou v\u017edy mile p\u0159ekvapit. Z\u00e1sadn\u00ed je v\u0161ak kvalita uveden\u00fdch potravin, zku\u0161en\u00e9 veden\u00ed p\u0159i jejich u\u017e\u00edv\u00e1n\u00ed a PRAVIDELNOST &hellip; <a href=\"https:\/\/samouzdraveni.cz\/?page_id=616\">Cel\u00fd p\u0159\u00edsp\u011bvek <span class=\"meta-nav\">&rarr;<\/span><\/a><\/p>\n","protected":false},"author":3,"featured_media":0,"parent":0,"menu_order":0,"comment_status":"closed","ping_status":"closed","template":"","meta":{"footnotes":""},"class_list":["post-616","page","type-page","status-publish","hentry"],"_links":{"self":[{"href":"https:\/\/samouzdraveni.cz\/index.php?rest_route=\/wp\/v2\/pages\/616","targetHints":{"allow":["GET"]}}],"collection":[{"href":"https:\/\/samouzdraveni.cz\/index.php?rest_route=\/wp\/v2\/pages"}],"about":[{"href":"https:\/\/samouzdraveni.cz\/index.php?rest_route=\/wp\/v2\/types\/page"}],"author":[{"embeddable":true,"href":"https:\/\/samouzdraveni.cz\/index.php?rest_route=\/wp\/v2\/users\/3"}],"replies":[{"embeddable":true,"href":"https:\/\/samouzdraveni.cz\/index.php?rest_route=%2Fwp%2Fv2%2Fcomments&post=616"}],"version-history":[{"count":33,"href":"https:\/\/samouzdraveni.cz\/index.php?rest_route=\/wp\/v2\/pages\/616\/revisions"}],"predecessor-version":[{"id":2519,"href":"https:\/\/samouzdraveni.cz\/index.php?rest_route=\/wp\/v2\/pages\/616\/revisions\/2519"}],"wp:attachment":[{"href":"https:\/\/samouzdraveni.cz\/index.php?rest_route=%2Fwp%2Fv2%2Fmedia&parent=616"}],"curies":[{"name":"wp","href":"https:\/\/api.w.org\/{rel}","templated":true}]}}