{"id":67,"date":"2013-09-29T09:02:10","date_gmt":"2013-09-29T09:02:10","guid":{"rendered":"http:\/\/samouzdraveni.cz\/?page_id=67"},"modified":"2026-04-16T10:58:20","modified_gmt":"2026-04-16T10:58:20","slug":"uvod","status":"publish","type":"page","link":"https:\/\/samouzdraveni.cz\/","title":{"rendered":"V\u00edtejte na str\u00e1nk\u00e1ch"},"content":{"rendered":"\n<figure class=\"wp-block-image size-full\"><a href=\"https:\/\/samouzdraveni.cz\/wp-content\/uploads\/2023\/01\/obrazek-1.png\"><img loading=\"lazy\" decoding=\"async\" width=\"379\" height=\"91\" src=\"https:\/\/samouzdraveni.cz\/wp-content\/uploads\/2023\/01\/obrazek-1.png\" alt=\"\" class=\"wp-image-2528\"\/><\/a><\/figure>\n\n\n\n<h1 class=\"wp-block-heading\"><strong><em> Ing. Adri\u00e1ny Ka\u0161parov\u00e9<\/em><\/strong><\/h1>\n\n\n\n<figure class=\"wp-block-image size-full\"><a href=\"https:\/\/samouzdraveni.cz\/wp-content\/uploads\/2026\/04\/obrazek-2.png\"><img loading=\"lazy\" decoding=\"async\" width=\"198\" height=\"161\" src=\"https:\/\/samouzdraveni.cz\/wp-content\/uploads\/2026\/04\/obrazek-2.png\" alt=\"\" class=\"wp-image-3349\"\/><\/a><\/figure>\n\n\n\n<h3 class=\"wp-block-heading\"><strong>O mn\u011b ve 2 v\u011bt\u00e1ch:<\/strong><\/h3>\n\n\n\n<p>Pom\u00e1h\u00e1m <em><strong>ne-mocn\u00fdm<\/strong> <\/em>lidem, aby si uv\u011bdomili, jak jsou<em><strong> mocn\u00ed<\/strong><\/em>. Vyu\u017e\u00edv\u00e1m Va\u0161i aktivn\u00ed pr\u00e1ci na sob\u011b, sv\u00e9 v\u00edce ne\u017e 25tilet\u00e9 zku\u0161enosti, sv\u00e9 vzd\u011bl\u00e1n\u00ed, schopnosti a intuici.<\/p>\n\n\n\n<figure class=\"wp-block-embed is-type-video is-provider-youtube wp-block-embed-youtube wp-embed-aspect-16-9 wp-has-aspect-ratio\"><div class=\"wp-block-embed__wrapper\">\n<iframe loading=\"lazy\" title=\"P\u0159edstaven\u00ed\" width=\"640\" height=\"360\" src=\"https:\/\/www.youtube.com\/embed\/T33wy_1DW0I?start=13&#038;feature=oembed\" frameborder=\"0\" allow=\"accelerometer; autoplay; clipboard-write; encrypted-media; gyroscope; picture-in-picture; web-share\" referrerpolicy=\"strict-origin-when-cross-origin\" allowfullscreen><\/iframe>\n<\/div><\/figure>\n\n\n\n<p>Neexistuje nemoc z\u00edskan\u00e1 za \u017eivota, ze kter\u00e9 by se neuzdravil alespo\u0148 jeden \u010dlov\u011bk na zem\u011bkouli. V\u017edy je alespo\u0148 jeden samouzdraven\u00fd.<\/p>\n\n\n\n<p><em><strong>Tak pro\u010d bych to p\u0159\u00ed\u0161t\u011b nemohl\/a b\u00fdt j\u00e1, kdy\u017e se to u\u017e n\u011bkomu povedlo.&nbsp;&nbsp;&nbsp;&nbsp;&nbsp; &nbsp; &nbsp; &nbsp; &nbsp; &nbsp;&nbsp; <\/strong><\/em>A jestli ne, tak n\u011bkdo mus\u00ed b\u00fdt prvn\u00ed.<\/p>\n\n\n\n<figure class=\"wp-block-image size-full\"><a href=\"https:\/\/samouzdraveni.cz\/wp-content\/uploads\/2023\/01\/obrazek-1.png\"><img loading=\"lazy\" decoding=\"async\" width=\"379\" height=\"91\" src=\"https:\/\/samouzdraveni.cz\/wp-content\/uploads\/2023\/01\/obrazek-1.png\" alt=\"\" class=\"wp-image-2528\"\/><\/a><\/figure>\n\n\n\n<p>Nezapom\u00ednejte: <strong>Nejkr\u00e1sn\u011bj\u0161\u00edm d\u00e1rkem pro Va\u0161e lidi jste Vy sami<\/strong>.<\/p>\n\n\n\n<figure class=\"wp-block-image size-large is-resized\"><a href=\"https:\/\/samouzdraveni.cz\/wp-content\/uploads\/2026\/03\/darek-1-1.png\"><img loading=\"lazy\" decoding=\"async\" width=\"940\" height=\"1019\" src=\"https:\/\/samouzdraveni.cz\/wp-content\/uploads\/2026\/03\/darek-1-1-940x1019.png\" alt=\"\" class=\"wp-image-3311\" style=\"aspect-ratio:0.9224626747020918;width:612px;height:auto\" srcset=\"https:\/\/samouzdraveni.cz\/wp-content\/uploads\/2026\/03\/darek-1-1-940x1019.png 940w, https:\/\/samouzdraveni.cz\/wp-content\/uploads\/2026\/03\/darek-1-1-620x672.png 620w, https:\/\/samouzdraveni.cz\/wp-content\/uploads\/2026\/03\/darek-1-1-768x833.png 768w, https:\/\/samouzdraveni.cz\/wp-content\/uploads\/2026\/03\/darek-1-1.png 1024w\" sizes=\"auto, (max-width: 940px) 100vw, 940px\" \/><\/a><\/figure>\n\n\n\n<p><\/p>\n\n\n\n<details style=\"border:2px solid #4CAF50; border-radius:8px; padding:16px; margin:30px 0;\">\n  <summary style=\"font-size:18px; font-weight:700; color:#2e7d32; cursor:pointer;\">\n    Jarn\u00ed ak\u010dn\u00ed bal\u00ed\u010dek\n  <\/summary>\n\n  <div style=\"margin-top:20px; line-height:1.7;\">\n\n    <p><strong>M\u00e1m pro V\u00e1s d\u00e1rek.<\/strong><\/p>\n\n    <p>\n      Pokud se rozhodnete <strong>do konce b\u0159ezna<\/strong> vytvo\u0159it se mnou\n      <strong>p\u0159edplatn\u00e9 na jak\u00fdkoliv produkt od Zinzino<\/strong>\n      (z\u00edsk\u00e1te automaticky <strong>30% slevy<\/strong> a moji osobn\u00ed p\u00e9\u010di o V\u00e1s),\n    <\/p>\n\n    <p>\n      <strong>dostanete ode mne nav\u00edc Vitam\u00edn D s ho\u0159\u010d\u00edkem zdarma.<\/strong>\n    <\/p>\n\n    <img decoding=\"async\" \n      src=\"https:\/\/samouzdraveni.cz\/wp-content\/uploads\/2026\/01\/obrazek-2.png\"\n      alt=\"Zinzino ZinoShine+ \u2013 vitam\u00edn D a ho\u0159\u010d\u00edk\"\n      style=\"max-width:70%; border-radius:10px; margin:20px 0;\"\n    >\n\n    <p>\n      Tento dopln\u011bk je pro zimn\u00ed obdob\u00ed <strong>extr\u00e9mn\u011b d\u016fle\u017eit\u00fd<\/strong> \u2013  \n      podporuje imunitu, dopl\u0148uje hormon\u00e1ln\u00ed rovnov\u00e1hu a m\u00e1 mnoho dal\u0161\u00edch benefit\u016f\n      pro celkovou vitalitu organismu.\n    <\/p>\n\n    <p>\n      \ud83c\udfa5 <strong>Video o vitam\u00ednu D:<\/strong><br>\n      <a href=\"https:\/\/videos.sproutvideo.com\/embed\/ac9dd6b4121fe6c225\/57ee96d485831181?autoPlay=true&#038;lightbox=true\" \n         target=\"_blank\" rel=\"noopener noreferrer\">\n        Zhl\u00e9dnout kr\u00e1tk\u00e9 video\n      <\/a>\n    <\/p>\n\n    <p>\n      Pokud m\u00e1te z\u00e1jem dozv\u011bd\u011bt se v\u00edce, ozv\u011bte se mi <strong>nez\u00e1vazn\u011b<\/strong>:<br>\n      \ud83d\udcde <strong>724&nbsp;658&nbsp;580<\/strong><br>\n      \u2709\ufe0f <strong>\n        <a href=\"mailto:adriana.kasparova@aseznam.cz\">\n          adriana.kasparova@aseznam.cz\n        <\/a>\n      <\/strong>\n    <\/p>\n\n    <p>\n      \ud83d\udc49 <strong>V\u00edce informac\u00ed a mo\u017enost objedn\u00e1n\u00ed:<\/strong><br>\n      <a href=\"https:\/\/www.zinzino.com\/2013142605\" target=\"_blank\" rel=\"noopener noreferrer\">\n        https:\/\/www.zinzino.com\/2013142605\n      <\/a>\n    <\/p>\n\n  <\/div>\n<\/details>\n\n\n\n<figure class=\"wp-block-image size-full\"><a href=\"https:\/\/samouzdraveni.cz\/wp-content\/uploads\/2023\/01\/obrazek-1.png\"><img loading=\"lazy\" decoding=\"async\" width=\"379\" height=\"91\" src=\"https:\/\/samouzdraveni.cz\/wp-content\/uploads\/2023\/01\/obrazek-1.png\" alt=\"\" class=\"wp-image-2528\"\/><\/a><\/figure>\n\n\n\n<p><\/p>\n\n\n\n<\/p>\n<p>Zde m\u00e1te moje video z po\u0159adu Sama Doma na t\u00e9ma Bachovy esence<\/p>\n<p><iframe loading=\"lazy\" title=\"25  b\u0159ezna   Sama doma   \u010cT1 T\u00e9ma Bachovy esence\" width=\"640\" height=\"360\" src=\"https:\/\/www.youtube.com\/embed\/zwm8lc0pfCA?feature=oembed\" frameborder=\"0\" allow=\"accelerometer; autoplay; clipboard-write; encrypted-media; gyroscope; picture-in-picture; web-share\" referrerpolicy=\"strict-origin-when-cross-origin\" allowfullscreen><\/iframe><\/p>\n<p>\n\n\n\n<\/p>\n<p>\n\n\n\n<p><\/p>\n\n\n\n<p><\/p>\n\n\n\n<p>&nbsp;<\/p>\n\n\n\n<p><span style=\"color: #339966;\"><strong>CO NAJDETE na m\u00fdch str\u00e1nk\u00e1ch:<\/strong><\/span><\/p>\n\n\n\n<p>Nechte si poradit ohledn\u011b dop\u0148k\u016f stravy &#8211; u\u0161et\u0159\u00edte mnoho pen\u011bz. Nekupujte v l\u00e9k\u00e1rn\u00e1ch a podle reklam, pokud tomu nerozum\u00edte. <strong><em>Pomohu V\u00e1m vybrat \u00fa\u010dinn\u00e9 do\u0148ky za rozumn\u00e9 ceny.<\/em><\/strong><\/p>\n\n\n\n<figure class=\"wp-block-image size-full\"><a href=\"https:\/\/samouzdraveni.cz\/wp-content\/uploads\/2023\/01\/obrazek-1.png\"><img loading=\"lazy\" decoding=\"async\" width=\"379\" height=\"91\" src=\"https:\/\/samouzdraveni.cz\/wp-content\/uploads\/2023\/01\/obrazek-1.png\" alt=\"\" class=\"wp-image-2528\"\/><\/a><\/figure>\n\n\n\n<p><span style=\"color: #000000;\">Nab\u00edz\u00edm tak\u00e9 rychlou<\/span><em><strong><span style=\"color: #339966;\"> ON LINE PODPORU PO TELEFONU <\/span><\/strong><\/em><span style=\"color: #339966;\"><span style=\"color: #000000;\">m\u016f\u017eete mi<\/span> <\/span><em><strong><span style=\"color: #339966;\">BEZPLATN\u011a VOLAT&nbsp; <\/span><\/strong><\/em><span style=\"color: #000000;\">(15 minut hovoru je <strong>zdarma, <\/strong>nerada p\u00ed\u0161u a spousta v\u011bc\u00ed se rychleji a l\u00e9pe vy\u0159e\u0161\u00ed po telefonu). M\u016fj tel: <strong>724 658 580<\/strong>.<\/span><\/p>\n\n\n\n<figure class=\"wp-block-image size-large\"><a href=\"https:\/\/samouzdraveni.cz\/wp-content\/uploads\/2020\/12\/216562220600020_01.jpg\"><img loading=\"lazy\" decoding=\"async\" width=\"940\" height=\"529\" src=\"https:\/\/samouzdraveni.cz\/wp-content\/uploads\/2020\/12\/216562220600020_01-940x529.jpg\" alt=\"\" class=\"wp-image-1682\" srcset=\"https:\/\/samouzdraveni.cz\/wp-content\/uploads\/2020\/12\/216562220600020_01-940x529.jpg 940w, https:\/\/samouzdraveni.cz\/wp-content\/uploads\/2020\/12\/216562220600020_01-620x349.jpg 620w, https:\/\/samouzdraveni.cz\/wp-content\/uploads\/2020\/12\/216562220600020_01-768x432.jpg 768w, https:\/\/samouzdraveni.cz\/wp-content\/uploads\/2020\/12\/216562220600020_01.jpg 1280w\" sizes=\"auto, (max-width: 940px) 100vw, 940px\" \/><\/a><\/figure>\n\n\n\n<p><em><strong><span style=\"color: #339966;\"><br><\/span><\/strong><\/em><\/p>\n\n\n\n<p><strong><span style=\"color: #339966;\">Doporu\u010duji nakouknout do:<\/span><\/strong> <\/p>\n\n\n\n<p>M\u00e9 videa (ze Sama Doma), o Zinzino, a on-line cvi\u010den\u00ed viz li\u0161ta.<\/p>\n\n\n\n<ul class=\"wp-block-list\">\n<li><br>    Zde najdete ka\u017ed\u00fd m\u011bs\u00edc aktu\u00e1ln\u00ed<br><br>    <strong><span style=\"color: #339966;\">Samouzdravovac\u00ed novinky<\/span><\/strong> \u2013 rady a informace pro aktivn\u00ed zdrav\u00fd \u017eivot:<br><br>    <a href=\"https:\/\/samouzdraveni.cz\/?p=2050\" target=\"_blank\">https:\/\/samouzdraveni.cz\/?p=2050<\/a><br>  <\/li>\n\n\n\n<li><br> Zde najdete funk\u010dn\u00ed a <strong>kvalitn\u00ed olej s omega 3<\/strong>, kter\u00fd j\u00e1 osobn\u011b u\u017e\u00edv\u00e1m a d\u00e1v\u00e1m ho klient\u016fm. M\u00e1 mnoho benefit\u016f. Je to v\u00fd\u017eiva zalo\u017een\u00e1 na d\u016fkazech z Va\u0161\u00ed kapky krve (v p\u0159\u00edpad\u011b, \u017ee chcete v\u011bd\u011bt v\u00edc, ozv\u011bte se, p\u0159\u00edpadn\u011b koukn\u011bte na M\u00e9 videa o Zinzinu).<br><br> <a href=\"https:\/\/www.zinzino.com\/2012854308\" target=\"_blank\" rel=\"noreferrer noopener\">podpora stravy<\/a><br><\/li>\n\n\n\n<li>Zde najdete ob\u010dasn\u00edk \u010dl\u00e1nky o n\u011bjak\u00e9 nemoci souhrn klasick\u00e9 a celostn\u00ed medic\u00edny <br><br> <strong><span style=\"color: #339966;\">Jak p\u0159emoci nemoci<\/span><\/strong> \u2013 rady a informace pro podporu v n\u011bjak\u00e9 konkr\u00e9tn\u00ed nemoci<br><a href=\"\n https:\/\/samouzdraveni.cz\/?p=2050\"><br><\/a><br><a href=\"https:\/\/samouzdraveni.cz\/?cat=53\">https:\/\/samouzdraveni.cz\/?cat=53<\/a><\/li>\n<\/ul>\n\n\n\n<figure class=\"wp-block-image size-full\"><a href=\"https:\/\/samouzdraveni.cz\/wp-content\/uploads\/2023\/01\/obrazek-1.png\"><img loading=\"lazy\" decoding=\"async\" width=\"379\" height=\"91\" src=\"https:\/\/samouzdraveni.cz\/wp-content\/uploads\/2023\/01\/obrazek-1.png\" alt=\"\" class=\"wp-image-2528\"\/><\/a><\/figure>\n\n\n\n<p>P\u0159eji V\u00e1m, aby se V\u00e1m \u017eivot l\u00edbil.<\/p>\n\n\n\n<p>Pokud budete spokojeni budu moc r\u00e1da za Va\u0161e hodnocen\u00ed na google maps pod moj\u00ed adresou nebo zde: <\/p>\n\n\n\n<figure class=\"wp-block-image size-full\"><a href=\"https:\/\/samouzdraveni.cz\/wp-content\/uploads\/2026\/04\/obrazek-1.png\"><img loading=\"lazy\" decoding=\"async\" width=\"248\" height=\"377\" src=\"https:\/\/samouzdraveni.cz\/wp-content\/uploads\/2026\/04\/obrazek-1.png\" alt=\"\" class=\"wp-image-3347\"\/><\/a><\/figure>\n\n\n\n<p>M\u016fj mail:<strong> adriana.kasparova@seznam.cz <em> <\/em><\/strong>                M\u016fj telefon:<strong> 724 658 580<\/strong><\/p>\n\n\n\n<figure class=\"wp-block-image size-full\"><a href=\"https:\/\/samouzdraveni.cz\/wp-content\/uploads\/2020\/12\/byliny-do-kazde-domaci-lekarnicky.jpg\"><img loading=\"lazy\" decoding=\"async\" width=\"785\" height=\"631\" src=\"https:\/\/samouzdraveni.cz\/wp-content\/uploads\/2020\/12\/byliny-do-kazde-domaci-lekarnicky.jpg\" alt=\"\" class=\"wp-image-1695\" srcset=\"https:\/\/samouzdraveni.cz\/wp-content\/uploads\/2020\/12\/byliny-do-kazde-domaci-lekarnicky.jpg 785w, https:\/\/samouzdraveni.cz\/wp-content\/uploads\/2020\/12\/byliny-do-kazde-domaci-lekarnicky-620x498.jpg 620w, https:\/\/samouzdraveni.cz\/wp-content\/uploads\/2020\/12\/byliny-do-kazde-domaci-lekarnicky-768x617.jpg 768w\" sizes=\"auto, (max-width: 785px) 100vw, 785px\" \/><\/a><figcaption class=\"wp-element-caption\">V Sama Doma na \u010cT 1<\/figcaption><\/figure>\n","protected":false},"excerpt":{"rendered":"<p>Ing. Adri\u00e1ny Ka\u0161parov\u00e9 O mn\u011b ve 2 v\u011bt\u00e1ch: Pom\u00e1h\u00e1m ne-mocn\u00fdm lidem, aby si uv\u011bdomili, jak jsou mocn\u00ed. Vyu\u017e\u00edv\u00e1m Va\u0161i aktivn\u00ed pr\u00e1ci na sob\u011b, sv\u00e9 v\u00edce ne\u017e 25tilet\u00e9 zku\u0161enosti, sv\u00e9 vzd\u011bl\u00e1n\u00ed, schopnosti a intuici. Neexistuje nemoc z\u00edskan\u00e1 za \u017eivota, ze kter\u00e9 &hellip; <a href=\"https:\/\/samouzdraveni.cz\/\">Cel\u00fd p\u0159\u00edsp\u011bvek <span class=\"meta-nav\">&rarr;<\/span><\/a><\/p>\n","protected":false},"author":1,"featured_media":0,"parent":0,"menu_order":0,"comment_status":"closed","ping_status":"closed","template":"","meta":{"footnotes":""},"class_list":["post-67","page","type-page","status-publish","hentry"],"_links":{"self":[{"href":"https:\/\/samouzdraveni.cz\/index.php?rest_route=\/wp\/v2\/pages\/67","targetHints":{"allow":["GET"]}}],"collection":[{"href":"https:\/\/samouzdraveni.cz\/index.php?rest_route=\/wp\/v2\/pages"}],"about":[{"href":"https:\/\/samouzdraveni.cz\/index.php?rest_route=\/wp\/v2\/types\/page"}],"author":[{"embeddable":true,"href":"https:\/\/samouzdraveni.cz\/index.php?rest_route=\/wp\/v2\/users\/1"}],"replies":[{"embeddable":true,"href":"https:\/\/samouzdraveni.cz\/index.php?rest_route=%2Fwp%2Fv2%2Fcomments&post=67"}],"version-history":[{"count":252,"href":"https:\/\/samouzdraveni.cz\/index.php?rest_route=\/wp\/v2\/pages\/67\/revisions"}],"predecessor-version":[{"id":3350,"href":"https:\/\/samouzdraveni.cz\/index.php?rest_route=\/wp\/v2\/pages\/67\/revisions\/3350"}],"wp:attachment":[{"href":"https:\/\/samouzdraveni.cz\/index.php?rest_route=%2Fwp%2Fv2%2Fmedia&parent=67"}],"curies":[{"name":"wp","href":"https:\/\/api.w.org\/{rel}","templated":true}]}}