{"id":760,"date":"2015-01-05T20:42:16","date_gmt":"2015-01-05T20:42:16","guid":{"rendered":"http:\/\/samouzdraveni.cz\/?page_id=760"},"modified":"2021-09-19T19:06:23","modified_gmt":"2021-09-19T19:06:23","slug":"chronicke-a-vazne-onemocneni","status":"publish","type":"page","link":"https:\/\/samouzdraveni.cz\/?page_id=760","title":{"rendered":"Chronick\u00e9 a v\u00e1\u017en\u00e9 onemocn\u011bn\u00ed"},"content":{"rendered":"<p><strong><span style=\"color: #339966;\">V\u017edy je nad\u011bje a Va\u0161e imunita um\u00ed d\u011blat divy.<\/span><\/strong><\/p>\n<p>Je velice t\u011b\u017ek\u00e9 ve zkratce odpov\u011bd\u011bt na probl\u00e9m, kter\u00fd je v\u00e1\u017en\u00fd a kter\u00fd se mo\u017en\u00e1 u\u017e del\u0161\u00ed dobu t\u00e1hne. Nav\u00edc kdy\u017e o V\u00e1s<strong><em> v\u00edm jen to, co se rozhodnete mi sd\u011blit<\/em><\/strong>. Sami v\u00edte, jak jednodu\u0161e dok\u00e1\u017eeme pochopit n\u011bkoho jinak, ne\u017e bychom m\u011bli. I tak se pokus\u00edm s bo\u017e\u00ed pomoc\u00ed V\u00e1m poradit, a douf\u00e1m, \u017ee to posta\u010d\u00ed k tomu, aby se V\u00e1m v t\u011ble n\u011bco zm\u011bnilo a nakoplo V\u00e1s to sm\u011brem k \u017eivotu.<\/p>\n<p>Jestli hled\u00e1te radu jak si pomoci, napi\u0161te mi dotaz sem, nebo se pod\u00edvejte, mo\u017en\u00e1 se V\u00e1\u0161 dotaz u\u017e zde \u0159e\u0161il a m\u016f\u017eete se p\u0159\u00edpadn\u011b i pt\u00e1t uveden\u00e9 osoby kter\u00e1 dotaz zad\u00e1vala, (kdy\u017e si zad\u00e1te <span style=\"color: #008080;\">odpov\u011bd\u011bt<\/span>), zda byli n\u011bjak\u00e9 \u00fasp\u011bchy v uveden\u00e9 \u017eivotn\u00ed v\u00fdzv\u011b.<\/p>\n<p>Jestli se chcete pt\u00e1t <strong><em><span style=\"color: #800000;\">na <\/span><span style=\"color: #800000;\">n\u011bkoho z rodiny, je to ztracen\u00fd \u010das<\/span><\/em><\/strong> a na uveden\u00e9 maily nebudu odpov\u00eddat<span style=\"color: #339966;\"><span style=\"color: #000000;\"><strong><em> (krom\u011b mail\u016f dosp\u011bl\u00fd rodi\u010d se pt\u00e1 jak pomoci d\u00edtku neplnolet\u00e9mu, nebo u lid\u00ed s poruchou mozku jako jsou demence a t\u011b\u017ek\u00e9 psychick\u00e9 poruchy se m\u016f\u017eete pt\u00e1t, proto\u017ee uveden\u00fd \u010dlov\u011bk v\u016fbec ne\u017eije v realit\u011b)<\/em><\/strong><\/span>.<\/span> Nezm\u016f\u017eete v\u016fbec nic kdy\u017e&nbsp; uveden\u00e1 osoba nechce sv\u016fj stav \u0159e\u0161it. Jestli chce, zvl\u00e1dne mi napsat sama.<\/p>\n<p>P\u0159eji V\u00e1m, aby se V\u00e1m \u017eivot l\u00edbil.<\/p>\n","protected":false},"excerpt":{"rendered":"<p>V\u017edy je nad\u011bje a Va\u0161e imunita um\u00ed d\u011blat divy. Je velice t\u011b\u017ek\u00e9 ve zkratce odpov\u011bd\u011bt na probl\u00e9m, kter\u00fd je v\u00e1\u017en\u00fd a kter\u00fd se mo\u017en\u00e1 u\u017e del\u0161\u00ed dobu t\u00e1hne. Nav\u00edc kdy\u017e o V\u00e1s v\u00edm jen to, co se rozhodnete mi sd\u011blit. &hellip; <a href=\"https:\/\/samouzdraveni.cz\/?page_id=760\">Cel\u00fd p\u0159\u00edsp\u011bvek <span class=\"meta-nav\">&rarr;<\/span><\/a><\/p>\n","protected":false},"author":3,"featured_media":0,"parent":750,"menu_order":0,"comment_status":"closed","ping_status":"closed","template":"","meta":{"footnotes":""},"class_list":["post-760","page","type-page","status-publish","hentry"],"_links":{"self":[{"href":"https:\/\/samouzdraveni.cz\/index.php?rest_route=\/wp\/v2\/pages\/760","targetHints":{"allow":["GET"]}}],"collection":[{"href":"https:\/\/samouzdraveni.cz\/index.php?rest_route=\/wp\/v2\/pages"}],"about":[{"href":"https:\/\/samouzdraveni.cz\/index.php?rest_route=\/wp\/v2\/types\/page"}],"author":[{"embeddable":true,"href":"https:\/\/samouzdraveni.cz\/index.php?rest_route=\/wp\/v2\/users\/3"}],"replies":[{"embeddable":true,"href":"https:\/\/samouzdraveni.cz\/index.php?rest_route=%2Fwp%2Fv2%2Fcomments&post=760"}],"version-history":[{"count":10,"href":"https:\/\/samouzdraveni.cz\/index.php?rest_route=\/wp\/v2\/pages\/760\/revisions"}],"predecessor-version":[{"id":2015,"href":"https:\/\/samouzdraveni.cz\/index.php?rest_route=\/wp\/v2\/pages\/760\/revisions\/2015"}],"up":[{"embeddable":true,"href":"https:\/\/samouzdraveni.cz\/index.php?rest_route=\/wp\/v2\/pages\/750"}],"wp:attachment":[{"href":"https:\/\/samouzdraveni.cz\/index.php?rest_route=%2Fwp%2Fv2%2Fmedia&parent=760"}],"curies":[{"name":"wp","href":"https:\/\/api.w.org\/{rel}","templated":true}]}}